{"id":1988,"date":"2021-02-22T15:31:15","date_gmt":"2021-02-22T14:31:15","guid":{"rendered":"https:\/\/dragonboatemotions.com\/que-es-el-dragon-boat\/"},"modified":"2024-08-07T16:02:17","modified_gmt":"2024-08-07T14:02:17","slug":"que-es-el-dragon-boat","status":"publish","type":"page","link":"https:\/\/dragonboatemotions.com\/es\/que-es-el-dragon-boat\/","title":{"rendered":"\u00bfQu\u00e9 es el Dragon Boat?"},"content":{"rendered":"<section class=\"l-section wpb_row height_huge width_full with_slider\"><div class=\"l-section-slider\"><div class=\"w-slider style_none fit_cover\"><div class=\"w-slider-h\"><div class=\"royalSlider\"><div class=\"rsContent\"><a class=\"rsImg\" data-rsw=\"1920\" data-rsh=\"1083\" href=\"https:\/\/dragonboatemotions.com\/wp-content\/uploads\/2021\/03\/DSC_0137.jpg\"><span data-alt=\"\"><\/span><\/a><\/div><div class=\"rsContent\"><a class=\"rsImg\" data-rsw=\"1920\" data-rsh=\"500\" href=\"https:\/\/dragonboatemotions.com\/wp-content\/uploads\/2021\/02\/home-back-03.jpg\"><span data-alt=\"\"><\/span><\/a><\/div><div class=\"rsContent\"><a class=\"rsImg\" data-rsw=\"1920\" data-rsh=\"1280\" href=\"https:\/\/dragonboatemotions.com\/wp-content\/uploads\/2021\/03\/CY6A6803.jpg\"><span data-alt=\"\"><\/span><\/a><\/div><\/div><img src=\"https:\/\/dragonboatemotions.com\/wp-content\/uploads\/2021\/03\/DSC_0137.jpg\" width=\"1920\" height=\"1083\" alt loading=\"lazy\"><\/div><div class=\"w-slider-json\" onclick='return {&quot;loop&quot;:true,&quot;fadeInLoadedSlide&quot;:false,&quot;slidesSpacing&quot;:0,&quot;imageScalePadding&quot;:0,&quot;numImagesToPreload&quot;:2,&quot;arrowsNav&quot;:false,&quot;arrowsNavAutoHide&quot;:false,&quot;transitionType&quot;:&quot;move&quot;,&quot;transitionSpeed&quot;:1000,&quot;block&quot;:{&quot;moveEffect&quot;:&quot;none&quot;,&quot;speed&quot;:300},&quot;controlNavigation&quot;:&quot;none&quot;,&quot;autoplay&quot;:{&quot;enabled&quot;:true,&quot;pauseOnHover&quot;:false,&quot;delay&quot;:3000},&quot;imageScaleMode&quot;:&quot;fill&quot;,&quot;autoScaleSlider&quot;:true,&quot;autoScaleSliderWidth&quot;:1920,&quot;autoScaleSliderHeight&quot;:1083,&quot;fitInViewport&quot;:false}'><\/div><\/div><\/div><div class=\"l-section-h i-cf\"><div class=\"g-cols vc_row type_default valign_top\"><div class=\"vc_col-sm-12 wpb_column vc_column_container\"><div class=\"vc_column-inner\"><div class=\"wpb_wrapper\"><div class=\"w-separator size_medium\"><\/div><div class=\"wpb_text_column us_custom_6df4bc3a has_text_color\" ><div class=\"wpb_wrapper\"><h1 style=\"text-align: center;\">Sobre nosotros<\/h1>\n<\/div><\/div><div class=\"w-separator size_medium\"><\/div><div class=\"w-image sep align_none\"><div class=\"w-image-h\"><img width=\"1920\" height=\"120\" src=\"https:\/\/dragonboatemotions.com\/wp-content\/uploads\/2021\/02\/3902708.png\" class=\"attachment-full size-full\" alt=\"\" loading=\"lazy\" srcset=\"https:\/\/dragonboatemotions.com\/wp-content\/uploads\/2021\/02\/3902708.png 1920w, https:\/\/dragonboatemotions.com\/wp-content\/uploads\/2021\/02\/3902708-300x19.png 300w, https:\/\/dragonboatemotions.com\/wp-content\/uploads\/2021\/02\/3902708-1024x64.png 1024w\" sizes=\"(max-width: 1920px) 100vw, 1920px\" \/><\/div><\/div><\/div><\/div><\/div><\/div><\/div><\/section><section class=\"l-section wpb_row us_custom_2e6717b4 height_small width_full\" id=\"que-es\"><div class=\"l-section-h i-cf\"><div class=\"g-cols vc_row type_boxes valign_middle\"><div class=\"vc_col-sm-6 wpb_column vc_column_container\"><div class=\"vc_column-inner\"><div class=\"wpb_wrapper\"><div class=\"wpb_text_column\" ><div class=\"wpb_wrapper\"><h2>\u00bfQu\u00e9 es el Dragon Boat?<\/h2>\n<\/div><\/div><div class=\"w-separator size_custom\" style=\"height:10px\"><\/div><div class=\"g-cols wpb_row  type_default valign_top vc_inner\"><div class=\"vc_col-sm-12 wpb_column vc_column_container\"><div class=\"vc_column-inner\"><div class=\"wpb_wrapper\"><div class=\"w-iconbox iconpos_left style_default color_primary align_left no_text\"><div class=\"w-iconbox-icon\"><i class=\"fas fa-check\"><\/i><\/div><div class=\"w-iconbox-meta\"><h4 class=\"w-iconbox-title\">El Dragon boat es el deporte n\u00e1utico de mayor crecimiento en el mundo.<\/h4><\/div><\/div><\/div><\/div><\/div><\/div><div class=\"w-separator size_small\"><\/div><div class=\"g-cols wpb_row  type_default valign_top vc_inner\"><div class=\"vc_col-sm-12 wpb_column vc_column_container animate_afl\" style=\"animation-delay:0.4s\"><div class=\"vc_column-inner\"><div class=\"wpb_wrapper\"><div class=\"w-iconbox iconpos_left style_default color_primary align_left no_text\"><div class=\"w-iconbox-icon\"><i class=\"fas fa-check\"><\/i><\/div><div class=\"w-iconbox-meta\"><h4 class=\"w-iconbox-title\">Es una actividad de &lt;b&gt;pirag\u00fcismo&lt;\/b&gt; milenario de origen chino que se practica en &lt;b&gt;embarcaciones de 10 o 20 palistas&lt;\/b&gt; con cabeza y cola de drag\u00f3n, con un patr\u00f3n que dirige la embarcaci\u00f3n y un timonel que marca el ritmo del equipo.<\/h4><\/div><\/div><\/div><\/div><\/div><\/div><\/div><\/div><\/div><div class=\"vc_col-sm-6 wpb_column vc_column_container\"><div class=\"vc_column-inner\"><div class=\"wpb_wrapper\"><div class=\"w-image align_none\"><div class=\"w-image-h\"><img width=\"845\" height=\"547\" src=\"https:\/\/dragonboatemotions.com\/wp-content\/uploads\/2021\/05\/dragonboat-que-es-fons.jpg\" class=\"attachment-large size-large\" alt=\"\" loading=\"lazy\" srcset=\"https:\/\/dragonboatemotions.com\/wp-content\/uploads\/2021\/05\/dragonboat-que-es-fons.jpg 845w, https:\/\/dragonboatemotions.com\/wp-content\/uploads\/2021\/05\/dragonboat-que-es-fons-300x194.jpg 300w\" sizes=\"(max-width: 845px) 100vw, 845px\" \/><\/div><\/div><\/div><\/div><\/div><\/div><\/div><\/section><section class=\"l-section wpb_row us_custom_2e6717b4 height_auto width_full\"><div class=\"l-section-h i-cf\"><div class=\"g-cols vc_row type_boxes valign_middle\"><div class=\"vc_col-sm-6 wpb_column vc_column_container\"><div class=\"vc_column-inner\"><div class=\"wpb_wrapper\"><div class=\"w-video align_center ratio_16x9\"><div class=\"w-video-h\"><iframe src=\"\/\/www.youtube.com\/embed\/lXJP5DnINzI?autoplay=0&controls=0&origin=https%3A%2F%2Fdragonboatemotions.com\" allowfullscreen=\"1\"><\/iframe><\/div><div class=\"w-video-icon\" style=\"font-size:1.5rem;background:rgba(0,0,0,0.5);color:#fff;\"><\/div><\/div><div class=\"w-separator size_medium\"><\/div><\/div><\/div><\/div><div class=\"vc_col-sm-6 wpb_column vc_column_container\"><div class=\"vc_column-inner\"><div class=\"wpb_wrapper\"><div class=\"g-cols wpb_row  type_default valign_top vc_inner\"><div class=\"vc_col-sm-12 wpb_column vc_column_container\"><div class=\"vc_column-inner\"><div class=\"wpb_wrapper\"><div class=\"w-iconbox iconpos_left style_default color_primary align_left no_text\"><div class=\"w-iconbox-icon\"><i class=\"fas fa-check\"><\/i><\/div><div class=\"w-iconbox-meta\"><h4 class=\"w-iconbox-title\">A diferencia de las otras modalidades de remo o pirag\u00fcismo, la pr\u00e1ctica del Dragon Boat &lt;b&gt;no necesita aprendizaje, es apta para todos, muy emocionante y divertida.&lt;\/b&gt;<\/h4><\/div><\/div><\/div><\/div><\/div><\/div><div class=\"w-separator size_small\"><\/div><div class=\"g-cols wpb_row  type_default valign_top vc_inner\"><div class=\"vc_col-sm-12 wpb_column vc_column_container\"><div class=\"vc_column-inner\"><div class=\"wpb_wrapper\"><div class=\"w-iconbox iconpos_left style_default color_primary align_left no_text\"><div class=\"w-iconbox-icon\"><i class=\"fas fa-check\"><\/i><\/div><div class=\"w-iconbox-meta\"><h4 class=\"w-iconbox-title\">Es la &lt;b&gt;alegor\u00eda del trabajo en equipo&lt;\/b&gt; y supone situaciones y aprendizajes f\u00e1cilmente transferibles al mundo de la empresa.<\/h4><\/div><\/div><\/div><\/div><\/div><\/div><\/div><\/div><\/div><\/div><\/div><\/section><section class=\"l-section wpb_row us_custom_b010041f height_medium\"><div class=\"l-section-h i-cf\"><div class=\"g-cols vc_row type_default valign_top\"><div class=\"vc_col-sm-12 wpb_column vc_column_container has_text_color\"><div class=\"vc_column-inner us_custom_6df4bc3a\"><div class=\"wpb_wrapper\"><div class=\"wpb_text_column\" ><div class=\"wpb_wrapper\"><p><img loading=\"lazy\" class=\"alignnone wp-image-111\" src=\"https:\/\/dragonboatemotions.com\/wp-content\/uploads\/2021\/02\/logo-dragonboat-small.png\" alt=\"\" width=\"164\" height=\"45\"> es la marca comercial de Agenda Sports Elements que desarrolla el Dragon Boat a trav\u00e9s de su promoci\u00f3n entre <strong>empresas<\/strong>, <strong>asociaciones<\/strong>, <strong>instituciones<\/strong> y <strong>colectivos de todo tipo<\/strong>. Nuestro compromiso es llevar a la pr\u00e1ctica deportiva del <strong>Dragon Boat<\/strong> a nuestros clientes.<\/p>\n<\/div><\/div><\/div><\/div><\/div><\/div><\/div><\/section><section class=\"l-section wpb_row us_custom_93780a3e height_small\"><div class=\"l-section-h i-cf\"><div class=\"g-cols vc_row type_boxes valign_middle\"><div class=\"vc_col-sm-12 wpb_column vc_column_container\"><div class=\"vc_column-inner\"><div class=\"wpb_wrapper\"><div class=\"wpb_text_column\" ><div class=\"wpb_wrapper\"><h2>Localizaci\u00f3n<\/h2>\n<\/div><\/div><div class=\"w-separator size_small\"><\/div><div class=\"wpb_text_column\" ><div class=\"wpb_wrapper\"><h5>El Dragon Boat se puede practicar en aguas tranquilas (<strong>lagos y canales<\/strong>) y en aguas abiertas (<strong>r\u00edos y mar<\/strong> con la modalidad de <a href=\"https:\/\/dragonboatemotions.com\/dragon-boat-de-mar\/\">Dragon Boat de Mar<\/a>).<\/h5>\n<h5>Dragon Boat Emotions dispone de todos los medios necesarios para hacerlo posible donde quieras (<strong>log\u00edstica y material<\/strong>).<\/h5>\n<\/div><\/div><div class=\"w-separator size_small\"><\/div><div class=\"g-cols wpb_row  type_default valign_top vc_inner\"><div class=\"vc_col-sm-4 wpb_column vc_column_container\"><div class=\"vc_column-inner\"><div class=\"wpb_wrapper\"><div class=\"wpb_text_column\" ><div class=\"wpb_wrapper\"><div class=\"img-loc\"><img loading=\"lazy\" class=\"alignnone size-medium wp-image-1539\" src=\"https:\/\/dragonboatemotions.com\/wp-content\/uploads\/2023\/11\/Recurso-4@3x-8-e1702550470512-300x191.png\" alt=\"\" width=\"300\" height=\"168\"><\/div>\n<div class=\"grad\">Banyoles: Estany de Banyoles<\/div>\n<\/div><\/div><\/div><\/div><\/div><div class=\"vc_col-sm-4 wpb_column vc_column_container\"><div class=\"vc_column-inner\"><div class=\"wpb_wrapper\"><div class=\"wpb_text_column\" ><div class=\"wpb_wrapper\"><div class=\"img-loc\"><img loading=\"lazy\" class=\"alignnone size-medium wp-image-514\" src=\"https:\/\/dragonboatemotions.com\/wp-content\/uploads\/2021\/03\/canal-olimpic-1-300x168.jpg\" alt=\"\" width=\"300\" height=\"168\" srcset=\"https:\/\/dragonboatemotions.com\/wp-content\/uploads\/2021\/03\/canal-olimpic-1-300x168.jpg 300w, https:\/\/dragonboatemotions.com\/wp-content\/uploads\/2021\/03\/canal-olimpic-1.jpg 432w\" sizes=\"(max-width: 300px) 100vw, 300px\" \/><\/div>\n<div class=\"grad\">Castelldefels Canal Ol\u00edmpic de Catalunya<\/div>\n<\/div><\/div><\/div><\/div><\/div><div class=\"vc_col-sm-4 wpb_column vc_column_container\"><div class=\"vc_column-inner\"><div class=\"wpb_wrapper\"><div class=\"wpb_text_column\" ><div class=\"wpb_wrapper\"><div class=\"img-loc\"><img loading=\"lazy\" src=\"https:\/\/dragonboatemotions.com\/wp-content\/uploads\/2023\/11\/Recurso-8@3x-8-e1702550775905.png\" alt=\"\" width=\"300\" height=\"80\"><\/div>\n<div class=\"grad\">Badalona: Port Marina (Badalona)<\/div>\n<\/div><\/div><\/div><\/div><\/div><\/div><div class=\"w-separator size_small\"><\/div><div class=\"g-cols wpb_row  type_default valign_middle vc_inner\"><div class=\"vc_col-sm-4 wpb_column vc_column_container\"><div class=\"vc_column-inner\"><div class=\"wpb_wrapper\"><div class=\"wpb_text_column\" ><div class=\"wpb_wrapper\"><div class=\"img-loc\"><img loading=\"lazy\" class=\"alignnone size-medium wp-image-425\" src=\"https:\/\/dragonboatemotions.com\/wp-content\/uploads\/2021\/03\/dboat13-300x169.jpg\" alt=\"\" width=\"300\" height=\"169\" srcset=\"https:\/\/dragonboatemotions.com\/wp-content\/uploads\/2021\/03\/dboat13-300x169.jpg 300w, https:\/\/dragonboatemotions.com\/wp-content\/uploads\/2021\/03\/dboat13.jpg 640w\" sizes=\"(max-width: 300px) 100vw, 300px\" \/><\/div>\n<div class=\"grad\">Donde quieras<\/div>\n<\/div><\/div><\/div><\/div><\/div><div class=\"vc_col-sm-4 wpb_column vc_column_container\"><div class=\"vc_column-inner\"><div class=\"wpb_wrapper\"><div class=\"wpb_text_column\" ><div class=\"wpb_wrapper\"><div class=\"img-loc\"><img loading=\"lazy\" class=\"alignnone size-medium wp-image-423\" src=\"https:\/\/dragonboatemotions.com\/wp-content\/uploads\/2021\/03\/dragon-boat-15-300x169.jpg\" alt=\"\" width=\"300\" height=\"169\" srcset=\"https:\/\/dragonboatemotions.com\/wp-content\/uploads\/2021\/03\/dragon-boat-15-300x169.jpg 300w, https:\/\/dragonboatemotions.com\/wp-content\/uploads\/2021\/03\/dragon-boat-15.jpg 640w\" sizes=\"(max-width: 300px) 100vw, 300px\" \/><\/div>\n<div class=\"grad\">En la playa<\/div>\n<\/div><\/div><\/div><\/div><\/div><div class=\"vc_col-sm-4 wpb_column vc_column_container\"><div class=\"vc_column-inner\"><div class=\"wpb_wrapper\"><div class=\"wpb_text_column\" ><div class=\"wpb_wrapper\"><div class=\"img-loc\"><img loading=\"lazy\" class=\"alignnone size-medium wp-image-419\" src=\"https:\/\/dragonboatemotions.com\/wp-content\/uploads\/2021\/03\/dragon-boat12-300x169.jpg\" alt=\"\" width=\"300\" height=\"169\" srcset=\"https:\/\/dragonboatemotions.com\/wp-content\/uploads\/2021\/03\/dragon-boat12-300x169.jpg 300w, https:\/\/dragonboatemotions.com\/wp-content\/uploads\/2021\/03\/dragon-boat12.jpg 640w\" sizes=\"(max-width: 300px) 100vw, 300px\" \/><\/div>\n<div class=\"grad\">En tu club n\u00e1utico.<\/div>\n<\/div><\/div><\/div><\/div><\/div><\/div><\/div><\/div><\/div><\/div><\/div><\/section><section class=\"l-section wpb_row us_custom_93780a3e height_small\"><div class=\"l-section-h i-cf\"><div class=\"g-cols vc_row type_default valign_top\"><div class=\"vc_col-sm-12 wpb_column vc_column_container\"><div class=\"vc_column-inner\"><div class=\"wpb_wrapper\"><div class=\"w-btn-wrapper width_auto align_center\"><a class=\"w-btn us-btn-style_1\" title=\"Sobre nosotros\" href=\"https:\/\/dragonboatemotions.com\/contacte\/\"><span class=\"w-btn-label\">Quieres m\u00e1s informaci\u00f3n?<\/span><\/a><\/div><div class=\"w-separator size_medium\"><\/div><\/div><\/div><\/div><\/div><\/div><\/section>\n","protected":false},"excerpt":{"rendered":"Sobre nosotros \u00bfQu\u00e9 es el Dragon Boat? El Dragon boat es el deporte n\u00e1utico de mayor crecimiento en el mundo.Es una actividad de &lt;b&gt;pirag\u00fcismo&lt;\/b&gt; milenario de origen chino que se practica en &lt;b&gt;embarcaciones de 10 o 20 palistas&lt;\/b&gt; con cabeza y cola de drag\u00f3n, con un patr\u00f3n que dirige la embarcaci\u00f3n y un timonel que...","protected":false},"author":1,"featured_media":0,"parent":0,"menu_order":0,"comment_status":"closed","ping_status":"closed","template":"","meta":[],"_links":{"self":[{"href":"https:\/\/dragonboatemotions.com\/es\/wp-json\/wp\/v2\/pages\/1988"}],"collection":[{"href":"https:\/\/dragonboatemotions.com\/es\/wp-json\/wp\/v2\/pages"}],"about":[{"href":"https:\/\/dragonboatemotions.com\/es\/wp-json\/wp\/v2\/types\/page"}],"author":[{"embeddable":true,"href":"https:\/\/dragonboatemotions.com\/es\/wp-json\/wp\/v2\/users\/1"}],"replies":[{"embeddable":true,"href":"https:\/\/dragonboatemotions.com\/es\/wp-json\/wp\/v2\/comments?post=1988"}],"version-history":[{"count":2,"href":"https:\/\/dragonboatemotions.com\/es\/wp-json\/wp\/v2\/pages\/1988\/revisions"}],"predecessor-version":[{"id":2004,"href":"https:\/\/dragonboatemotions.com\/es\/wp-json\/wp\/v2\/pages\/1988\/revisions\/2004"}],"wp:attachment":[{"href":"https:\/\/dragonboatemotions.com\/es\/wp-json\/wp\/v2\/media?parent=1988"}],"curies":[{"name":"wp","href":"https:\/\/api.w.org\/{rel}","templated":true}]}}