{"id":2005,"date":"2021-02-22T16:30:23","date_gmt":"2021-02-22T15:30:23","guid":{"rendered":"https:\/\/dragonboatemotions.com\/dragon-boat-para-ti\/"},"modified":"2024-08-07T16:07:02","modified_gmt":"2024-08-07T14:07:02","slug":"dragon-boat-para-ti","status":"publish","type":"page","link":"https:\/\/dragonboatemotions.com\/es\/dragon-boat-para-ti\/","title":{"rendered":"Dragon boat para ti"},"content":{"rendered":"<section class=\"l-section wpb_row height_huge width_full with_slider\"><div class=\"l-section-slider\"><div class=\"w-slider style_none fit_cover\"><div class=\"w-slider-h\"><div class=\"royalSlider\"><div class=\"rsContent\"><a class=\"rsImg\" data-rsw=\"1920\" data-rsh=\"500\" href=\"https:\/\/dragonboatemotions.com\/wp-content\/uploads\/2021\/02\/menu-back-02.jpg\"><span data-alt=\"\"><\/span><\/a><\/div><div class=\"rsContent\"><a class=\"rsImg\" data-rsw=\"1024\" data-rsh=\"768\" href=\"https:\/\/dragonboatemotions.com\/wp-content\/uploads\/2021\/10\/bdc1e093-d434-4f13-bbf4-18597fb3523a.jpg\"><span data-alt=\"\"><\/span><\/a><\/div><div class=\"rsContent\"><a class=\"rsImg\" data-rsw=\"2560\" data-rsh=\"1920\" href=\"https:\/\/dragonboatemotions.com\/wp-content\/uploads\/2021\/10\/IMG_0372-scaled.jpg\"><span data-alt=\"\"><\/span><\/a><\/div><\/div><img src=\"https:\/\/dragonboatemotions.com\/wp-content\/uploads\/2021\/02\/menu-back-02.jpg\" width=\"1920\" height=\"500\" alt loading=\"lazy\"><\/div><div class=\"w-slider-json\" onclick='return {&quot;loop&quot;:true,&quot;fadeInLoadedSlide&quot;:false,&quot;slidesSpacing&quot;:0,&quot;imageScalePadding&quot;:0,&quot;numImagesToPreload&quot;:2,&quot;arrowsNav&quot;:false,&quot;arrowsNavAutoHide&quot;:false,&quot;transitionType&quot;:&quot;move&quot;,&quot;transitionSpeed&quot;:1000,&quot;block&quot;:{&quot;moveEffect&quot;:&quot;none&quot;,&quot;speed&quot;:300},&quot;controlNavigation&quot;:&quot;none&quot;,&quot;autoplay&quot;:{&quot;enabled&quot;:true,&quot;pauseOnHover&quot;:false,&quot;delay&quot;:3000},&quot;imageScaleMode&quot;:&quot;fill&quot;,&quot;autoScaleSlider&quot;:true,&quot;autoScaleSliderWidth&quot;:1920,&quot;autoScaleSliderHeight&quot;:500,&quot;fitInViewport&quot;:false}'><\/div><\/div><\/div><div class=\"l-section-h i-cf\"><div class=\"g-cols vc_row type_default valign_top\"><div class=\"vc_col-sm-12 wpb_column vc_column_container\"><div class=\"vc_column-inner\"><div class=\"wpb_wrapper\"><div class=\"w-separator size_medium\"><\/div><div class=\"wpb_text_column us_custom_6df4bc3a has_text_color\" ><div class=\"wpb_wrapper\"><h1 style=\"text-align: center;\">Dragon Boat <span class=\"colorx\">x<\/span> ti<\/h1>\n<\/div><\/div><div class=\"w-separator size_medium\"><\/div><div class=\"w-image sep align_none\"><div class=\"w-image-h\"><img width=\"1920\" height=\"120\" src=\"https:\/\/dragonboatemotions.com\/wp-content\/uploads\/2021\/02\/3902708.png\" class=\"attachment-full size-full\" alt=\"\" loading=\"lazy\" srcset=\"https:\/\/dragonboatemotions.com\/wp-content\/uploads\/2021\/02\/3902708.png 1920w, https:\/\/dragonboatemotions.com\/wp-content\/uploads\/2021\/02\/3902708-300x19.png 300w, https:\/\/dragonboatemotions.com\/wp-content\/uploads\/2021\/02\/3902708-1024x64.png 1024w\" sizes=\"(max-width: 1920px) 100vw, 1920px\" \/><\/div><\/div><\/div><\/div><\/div><\/div><\/div><\/section><section class=\"l-section wpb_row us_custom_38ebb939 height_small with_overlay\"><div class=\"l-section-overlay\" style=\"background: rgba(255,255,255,0.50)\"><\/div><div class=\"l-section-h i-cf\"><div class=\"g-cols vc_row type_default valign_top\"><div class=\"vc_col-sm-12 wpb_column vc_column_container\"><div class=\"vc_column-inner\"><div class=\"wpb_wrapper\"><div class=\"wpb_text_column\" ><div class=\"wpb_wrapper\"><h3 class=\"western\" style=\"text-align: center;\" align=\"justify\">Miles de personas en todo el mundo practican Dragon Boat de forma habitual, entrenando con sus equipos y participando cada a\u00f1o en los cientos de eventos anuales repartidos en todo el mundo.<!-- Repetit a principi de frase \u2013 repensar la frase. Per exemple: Milers de persones arreu practiquen\u2026 repartits per tot el m\u00f3n. --><\/h3>\n<\/div><\/div><div class=\"w-separator size_custom with_line width_30 thick_2 style_solid color_border align_center\" style=\"height:50px\"><div class=\"w-separator-h\"><\/div><\/div><div class=\"g-cols wpb_row  type_default valign_top vc_inner\"><div class=\"vc_col-sm-12 wpb_column vc_column_container\"><div class=\"vc_column-inner\"><div class=\"wpb_wrapper\"><div class=\"wpb_text_column\" ><div class=\"wpb_wrapper\"><h2 class=\"western\" style=\"text-align: center;\" align=\"justify\">\u00bfTe gustar\u00eda formar parte de esa familia?<\/h2>\n<p class=\"western\" style=\"text-align: center;\" align=\"justify\">El Dragon Boat es un <strong>deporte tanto para amateurs como para federados, muy inclusivo y apto para todos.<\/strong><\/p>\n<p class=\"western\" style=\"text-align: center;\" align=\"justify\">Desde Dragon Boat Emotions gestionamos y creamos nuevos equipos continuamente, para ajustarse a tus objetivos y localizaciones.<\/p>\n<\/div><\/div><\/div><\/div><\/div><\/div><\/div><\/div><\/div><\/div><\/div><\/section><section class=\"l-section wpb_row us_custom_614180e8 height_small with_overlay\"><div class=\"l-section-overlay\" style=\"background: rgba(255,255,255,0.50)\"><\/div><div class=\"l-section-h i-cf\"><div class=\"g-cols vc_row type_boxes valign_top\"><div class=\"vc_col-sm-3 wpb_column vc_column_container\"><div class=\"vc_column-inner\"><div class=\"wpb_wrapper\"><\/div><\/div><\/div><div class=\"vc_col-sm-6 wpb_column vc_column_container backform\"><div class=\"vc_column-inner\"><div class=\"wpb_wrapper\"><div class=\"wpb_text_column\" ><div class=\"wpb_wrapper\"><h3>Empezamos?<\/h3>\n<\/div><\/div><form class=\"w-form  layout_ver for_cform us_form_1\" autocomplete=\"off\" action=\"https:\/\/dragonboatemotions.com\/es\/wp-json\/wp\/v2\/pages\/2005\" method=\"post\"><div class=\"w-form-h\"><div class=\"w-form-row for_text required cols_2\">\r\n\t\t<div class=\"w-form-row-field\">\r\n\t\t\t\t\t\t<input aria-label=\"Nombre\" type=\"text\" name=\"us_form_1_text_1\" value placeholder=\"Nombre *\" data-required=\"true\" aria-required=\"true\"\/>\r\n\t\t\t<\/div>\r\n\t\t<div class=\"w-form-row-state\">Rellena este campo<\/div>\r\n<\/div>\r\n<div class=\"w-form-row for_text cols_2\">\r\n\t\t<div class=\"w-form-row-field\">\r\n\t\t\t\t\t\t<input aria-label=\"Apellido\" type=\"text\" name=\"us_form_1_text_2\" value placeholder=\"Apellido\"\/>\r\n\t\t\t<\/div>\r\n\t\t<div class=\"w-form-row-state\">Rellena este campo<\/div>\r\n<\/div>\r\n<div class=\"w-form-row for_select cols_3\">\r\n\t\t<div class=\"w-form-row-field\">\r\n\t\t\t\t\t\t<select aria-label=\"Texto\" name=\"us_form_1_select_1\">\r\n\t\t\t<option value=\"Dona\">Dona<\/option><option value=\"Home\">Home<\/option>\t\t<\/select>\r\n\t\t\t<\/div>\r\n\t\t\t<div class=\"w-form-row-description\">\r\n\t\t\tSexo\t\t<\/div>\r\n\t\t<div class=\"w-form-row-state\">Seleccione una opci\u00f3n<\/div>\r\n<\/div>\r\n<div class=\"w-form-row for_text cols_3\">\r\n\t\t<div class=\"w-form-row-field\">\r\n\t\t\t\t\t\t<input aria-label=\"Edad\" type=\"text\" name=\"us_form_1_text_3\" value placeholder=\"Edad\"\/>\r\n\t\t\t<\/div>\r\n\t\t<div class=\"w-form-row-state\">Rellena este campo<\/div>\r\n<\/div>\r\n<div class=\"w-form-row for_text cols_3\">\r\n\t\t<div class=\"w-form-row-field\">\r\n\t\t\t\t\t\t<input aria-label=\"Localidad de residencia\" type=\"text\" name=\"us_form_1_text_4\" value placeholder=\"Localidad de residencia\"\/>\r\n\t\t\t<\/div>\r\n\t\t<div class=\"w-form-row-state\">Rellena este campo<\/div>\r\n<\/div>\r\n<div class=\"w-form-row for_text required cols_2\">\r\n\t\t<div class=\"w-form-row-field\">\r\n\t\t\t\t\t\t<input aria-label=\"Tel\u00e9fono\" inputmode=\"tel\" type=\"text\" name=\"us_form_1_text_5\" value placeholder=\"Tel\u00e9fono *\" data-required=\"true\" aria-required=\"true\"\/>\r\n\t\t\t<\/div>\r\n\t\t<div class=\"w-form-row-state\">Rellena este campo<\/div>\r\n<\/div>\r\n<div class=\"w-form-row for_email required cols_2\">\r\n\t\t<div class=\"w-form-row-field\">\r\n\t\t\t\t\t\t<input aria-label=\"Correo electr\u00f3nico\" type=\"email\" name=\"us_form_1_email_1\" value placeholder=\"Correo electr\u00f3nico *\" data-required=\"true\" aria-required=\"true\"\/>\r\n\t\t\t<\/div>\r\n\t\t<div class=\"w-form-row-state\">Por favor, introduce una direcci\u00f3n de correo electr\u00f3nico v\u00e1lida.<\/div>\r\n<\/div>\r\n<div class=\"w-form-row for_select\">\r\n\t\t<div class=\"w-form-row-field\">\r\n\t\t\t\t\t\t<select aria-label=\"us_form_1_select_2\" name=\"us_form_1_select_2\">\r\n\t\t\t<option value=\"Formar part de un equip de dragonboat\">Formar part de un equip de dragonboat<\/option><option value=\"Dragonboat per empreses\">Dragonboat per empreses<\/option><option value=\"Dragonboat per amics\">Dragonboat per amics<\/option><option value=\"Dragonboat per supervivents de cancer de mama\">Dragonboat per supervivents de cancer de mama<\/option><option value=\"Dragonboat per esdeveniments\">Dragonboat per esdeveniments<\/option><option value=\"Altres: especificar\">Altres: especificar<\/option>\t\t<\/select>\r\n\t\t\t<\/div>\r\n\t\t<div class=\"w-form-row-state\">Seleccione una opci\u00f3n<\/div>\r\n<\/div>\r\n<div class=\"w-form-row for_textarea\">\r\n\t\t<div class=\"w-form-row-field\">\r\n\t\t\t\t\t\t<textarea aria-label=\"Comentarios\" name=\"us_form_1_textarea_1\" placeholder=\"Comentarios\"><\/textarea>\r\n\t\t\t<\/div>\r\n\t\t<div class=\"w-form-row-state\">Rellena este campo<\/div>\r\n<\/div>\r\n<div class=\"w-form-row for_agreement required\">\r\n\t\t<div class=\"w-form-row-field\">\r\n\t\t\t\t<label>\r\n\t\t\t<input type=\"checkbox\" class=\"screen-reader-text\" value=\"1\" data-required=\"true\" aria-required=\"true\" name=\"us_form_1_agreement_1\"\/>\r\n\t\t\t<span class=\"w-form-checkbox\"><\/span>\r\n\t\t\t<span>Estoy de acuerdo con la pol\u00edtica de privacidad de <a href=\"https:\/\/dragonboatemotions.com\/politica-de-privacitat\/\">Dragon Boat Emotions<\/a><\/span>\r\n\t\t<\/label>\r\n\t\t\t<\/div>\r\n\t\t<div class=\"w-form-row-state\">Necesita estar de acuerdo con los t\u00e9rminos para continuar<\/div>\r\n<\/div><div class=\"w-form-row for_captcha has_label move_label required\">\r\n\t<div class=\"w-form-row-label\">\r\n\t\t<span>Verif <span>24 - 7 = ?<\/span><\/span>\r\n\t<\/div>\r\n\t<div class=\"w-form-row-field\">\r\n\t\t\t\t<input type=\"hidden\" name=\"us_form_1_captcha_1_hash\" value=\"825ca71ea81508641228be4ce9e53b31\" \/>\r\n\t\t\t\t<input aria-label=\"Verif\" type=\"text\" name=\"us_form_1_captcha_1\" placeholder data-required=\"true\" aria-required=\"true\"\/>\r\n\t\t\t<\/div>\r\n\t\t\t<div class=\"w-form-row-description\">\r\n\t\t\tAntibots\t\t<\/div>\r\n\t\t<div class=\"w-form-row-state\">Escriba el resultado de la operaci\u00f3n para continuar<\/div>\r\n<\/div>\r\n<input type=\"hidden\" name=\"action\" value=\"us_ajax_cform\" \/><input type=\"hidden\" name=\"post_id\" value \/><input type=\"hidden\" name=\"form_index\" value=\"1\" \/><div class=\"w-form-row for_submit align_default\">\r\n\t<div class=\"w-form-row-field\">\r\n\t\t\t\t<button class=\"w-btn  us-btn-style_1\" aria-label=\"Enviar\" type=\"submit\">\r\n\t\t\t<span class=\"g-preloader type_1\"><\/span>\r\n\t\t\t\t\t\t<span class=\"w-btn-label\">Enviar<\/span>\r\n\t\t\t\t\t<\/button>\r\n\t<\/div>\r\n<\/div><\/div><div class=\"w-form-message\"><\/div><div class=\"w-form-json hidden\" onclick='return {&quot;ajaxurl&quot;:&quot;https:\\\/\\\/dragonboatemotions.com\\\/wp-admin\\\/admin-ajax.php&quot;}'><\/div><\/form><div class=\"w-separator size_medium\"><\/div><\/div><\/div><\/div><div class=\"vc_col-sm-3 wpb_column vc_column_container\"><div class=\"vc_column-inner\"><div class=\"wpb_wrapper\"><\/div><\/div><\/div><\/div><\/div><\/section>\n","protected":false},"excerpt":{"rendered":"Dragon Boat x ti Miles de personas en todo el mundo practican Dragon Boat de forma habitual, entrenando con sus equipos y participando cada a\u00f1o en los cientos de eventos anuales repartidos en todo el mundo. \u00bfTe gustar\u00eda formar parte de esa familia? El Dragon Boat es un deporte tanto para amateurs como para federados,...","protected":false},"author":1,"featured_media":0,"parent":0,"menu_order":0,"comment_status":"closed","ping_status":"closed","template":"","meta":[],"_links":{"self":[{"href":"https:\/\/dragonboatemotions.com\/es\/wp-json\/wp\/v2\/pages\/2005"}],"collection":[{"href":"https:\/\/dragonboatemotions.com\/es\/wp-json\/wp\/v2\/pages"}],"about":[{"href":"https:\/\/dragonboatemotions.com\/es\/wp-json\/wp\/v2\/types\/page"}],"author":[{"embeddable":true,"href":"https:\/\/dragonboatemotions.com\/es\/wp-json\/wp\/v2\/users\/1"}],"replies":[{"embeddable":true,"href":"https:\/\/dragonboatemotions.com\/es\/wp-json\/wp\/v2\/comments?post=2005"}],"version-history":[{"count":2,"href":"https:\/\/dragonboatemotions.com\/es\/wp-json\/wp\/v2\/pages\/2005\/revisions"}],"predecessor-version":[{"id":2009,"href":"https:\/\/dragonboatemotions.com\/es\/wp-json\/wp\/v2\/pages\/2005\/revisions\/2009"}],"wp:attachment":[{"href":"https:\/\/dragonboatemotions.com\/es\/wp-json\/wp\/v2\/media?parent=2005"}],"curies":[{"name":"wp","href":"https:\/\/api.w.org\/{rel}","templated":true}]}}