{"id":2037,"date":"2021-02-24T17:03:34","date_gmt":"2021-02-24T16:03:34","guid":{"rendered":"https:\/\/dragonboatemotions.com\/dragon-boat-para-escuelas\/"},"modified":"2024-08-07T16:22:19","modified_gmt":"2024-08-07T14:22:19","slug":"dragon-boat-para-escuelas","status":"publish","type":"page","link":"https:\/\/dragonboatemotions.com\/es\/dragon-boat-para-escuelas\/","title":{"rendered":"Dragon Boat para escuelas"},"content":{"rendered":"<section class=\"l-section wpb_row height_huge width_full with_slider\"><div class=\"l-section-slider\"><div class=\"w-slider style_none fit_cover\"><div class=\"w-slider-h\"><div class=\"royalSlider\"><div class=\"rsContent\"><a class=\"rsImg\" data-rsw=\"2560\" data-rsh=\"1920\" href=\"https:\/\/dragonboatemotions.com\/wp-content\/uploads\/2021\/10\/IMG_6261-scaled.jpg\"><span data-alt=\"\"><\/span><\/a><\/div><div class=\"rsContent\"><a class=\"rsImg\" data-rsw=\"2560\" data-rsh=\"1920\" href=\"https:\/\/dragonboatemotions.com\/wp-content\/uploads\/2021\/10\/IMG_6240-scaled.jpg\"><span data-alt=\"\"><\/span><\/a><\/div><div class=\"rsContent\"><a class=\"rsImg\" data-rsw=\"2560\" data-rsh=\"1920\" href=\"https:\/\/dragonboatemotions.com\/wp-content\/uploads\/2021\/10\/IMG_6271-scaled.jpg\"><span data-alt=\"\"><\/span><\/a><\/div><\/div><img src=\"https:\/\/dragonboatemotions.com\/wp-content\/uploads\/2021\/10\/IMG_6261-scaled.jpg\" width=\"2560\" height=\"1920\" alt loading=\"lazy\"><\/div><div class=\"w-slider-json\" onclick='return {&quot;loop&quot;:true,&quot;fadeInLoadedSlide&quot;:false,&quot;slidesSpacing&quot;:0,&quot;imageScalePadding&quot;:0,&quot;numImagesToPreload&quot;:2,&quot;arrowsNav&quot;:false,&quot;arrowsNavAutoHide&quot;:false,&quot;transitionType&quot;:&quot;move&quot;,&quot;transitionSpeed&quot;:1000,&quot;block&quot;:{&quot;moveEffect&quot;:&quot;none&quot;,&quot;speed&quot;:300},&quot;controlNavigation&quot;:&quot;none&quot;,&quot;autoplay&quot;:{&quot;enabled&quot;:true,&quot;pauseOnHover&quot;:false,&quot;delay&quot;:3000},&quot;imageScaleMode&quot;:&quot;fill&quot;,&quot;autoScaleSlider&quot;:true,&quot;autoScaleSliderWidth&quot;:2560,&quot;autoScaleSliderHeight&quot;:1920,&quot;fitInViewport&quot;:false}'><\/div><\/div><\/div><div class=\"l-section-h i-cf\"><div class=\"g-cols vc_row type_default valign_top\"><div class=\"vc_col-sm-12 wpb_column vc_column_container\"><div class=\"vc_column-inner\"><div class=\"wpb_wrapper\"><div class=\"w-separator size_medium\"><\/div><div class=\"wpb_text_column us_custom_6df4bc3a has_text_color\" ><div class=\"wpb_wrapper\"><h1 style=\"text-align: center;\">Dragon Boat <span class=\"colorx\">x<\/span> escuelas<\/h1>\n<\/div><\/div><div class=\"w-separator size_medium\"><\/div><div class=\"w-image sep align_none\"><div class=\"w-image-h\"><img width=\"1920\" height=\"120\" src=\"https:\/\/dragonboatemotions.com\/wp-content\/uploads\/2021\/02\/3902708.png\" class=\"attachment-full size-full\" alt=\"\" loading=\"lazy\" srcset=\"https:\/\/dragonboatemotions.com\/wp-content\/uploads\/2021\/02\/3902708.png 1920w, https:\/\/dragonboatemotions.com\/wp-content\/uploads\/2021\/02\/3902708-300x19.png 300w, https:\/\/dragonboatemotions.com\/wp-content\/uploads\/2021\/02\/3902708-1024x64.png 1024w\" sizes=\"(max-width: 1920px) 100vw, 1920px\" \/><\/div><\/div><\/div><\/div><\/div><\/div><\/div><\/section><section class=\"l-section wpb_row us_custom_4fb9e5a3 height_medium\"><div class=\"l-section-h i-cf\"><div class=\"g-cols vc_row type_default valign_top\"><div class=\"vc_col-sm-12 wpb_column vc_column_container\"><div class=\"vc_column-inner\"><div class=\"wpb_wrapper\"><div class=\"wpb_text_column\" ><div class=\"wpb_wrapper\"><p style=\"text-align: center;\"><span style=\"font-size: 1.2rem;\">El Dragon Boat es una nueva herramienta did\u00e1ctica para las escuelas. <\/span><\/p>\n<p style=\"text-align: center;\"><span style=\"font-size: 1.2rem;\">N<\/span><span style=\"font-size: 1.2rem;\">uestras embarcaciones son verdaderas aulas flotantes, de hasta 22 alumnos cada una. A bordo, combinamos el deporte al aire libre con valores directamente relacionados con la cultura, la tradici\u00f3n, la solidaridad y la naturaleza; y todo esto en un entorno saludable e inclusivo. <\/span><\/p>\n<\/div><\/div><\/div><\/div><\/div><\/div><\/div><\/section><section class=\"l-section wpb_row us_custom_b010041f height_small\" id=\"objectivo\"><div class=\"l-section-h i-cf\"><div class=\"g-cols vc_row type_default valign_top\"><div class=\"vc_col-sm-6 wpb_column vc_column_container has_text_color\"><div class=\"vc_column-inner us_custom_6df4bc3a\"><div class=\"wpb_wrapper\"><div class=\"wpb_text_column\" ><div class=\"wpb_wrapper\"><h2>El objetivo de la actividad:<\/h2>\n<\/div><\/div><div class=\"wpb_text_column\" ><div class=\"wpb_wrapper\"><p><strong>1.<\/strong> Descubrir el lago de Banyoles y sus principales caracter\u00edsticas naturales<\/p>\n<\/div><\/div><div class=\"w-separator size_small\"><\/div><div class=\"wpb_text_column\" ><div class=\"wpb_wrapper\"><p><strong>2.<\/strong> Fomentar los valores del trabajo en equipo y el respeto por el medio ambiente<\/p>\n<\/div><\/div><div class=\"w-separator size_small\"><\/div><div class=\"wpb_text_column\" ><div class=\"wpb_wrapper\"><p><strong>3.<\/strong> Disfrutar de una jornada de deporte y naturaleza en un entorno privilegiado<\/p>\n<\/div><\/div><div class=\"w-separator size_small\"><\/div><div class=\"wpb_text_column\" ><div class=\"wpb_wrapper\"><p><strong>4.<\/strong> Conocer la historia y aprender la t\u00e9cnica del Dragon Boat.<\/p>\n<\/div><\/div><\/div><\/div><\/div><div class=\"vc_col-sm-6 wpb_column vc_column_container\"><div class=\"vc_column-inner\"><div class=\"wpb_wrapper\"><div class=\"w-image align_center\"><div class=\"w-image-h\"><img width=\"370\" height=\"370\" src=\"https:\/\/dragonboatemotions.com\/wp-content\/uploads\/2021\/10\/0f58054b-503c-41bb-9128-d2af5e36c3d0-370x370.jpg\" class=\"attachment-us_370_370_crop size-us_370_370_crop\" alt=\"\" loading=\"lazy\" srcset=\"https:\/\/dragonboatemotions.com\/wp-content\/uploads\/2021\/10\/0f58054b-503c-41bb-9128-d2af5e36c3d0-370x370.jpg 370w, https:\/\/dragonboatemotions.com\/wp-content\/uploads\/2021\/10\/0f58054b-503c-41bb-9128-d2af5e36c3d0-150x150.jpg 150w, https:\/\/dragonboatemotions.com\/wp-content\/uploads\/2021\/10\/0f58054b-503c-41bb-9128-d2af5e36c3d0-600x600.jpg 600w, https:\/\/dragonboatemotions.com\/wp-content\/uploads\/2021\/10\/0f58054b-503c-41bb-9128-d2af5e36c3d0-400x400.jpg 400w\" sizes=\"(max-width: 370px) 100vw, 370px\" \/><\/div><\/div><div class=\"w-separator size_small\"><\/div><div class=\"w-btn-wrapper width_auto align_center\"><a class=\"w-btn us-btn-style_2\" href=\"mailto:info@dragonboatemotions.com\"><span class=\"w-btn-label\">Quieres saber m\u00e1s?<\/span><\/a><\/div><\/div><\/div><\/div><\/div><\/div><\/section><section class=\"l-section wpb_row us_custom_93780a3e height_small\"><div class=\"l-section-h i-cf\"><div class=\"g-cols vc_row type_default valign_top\"><div class=\"vc_col-sm-12 wpb_column vc_column_container\"><div class=\"vc_column-inner\"><div class=\"wpb_wrapper\"><div class=\"w-separator size_small\"><\/div><div class=\"wpb_text_column\" ><div class=\"wpb_wrapper\"><h2 style=\"text-align: center;\">Contenido de la actividad<\/h2>\n<\/div><\/div><div class=\"w-separator size_custom with_line width_30 thick_2 style_solid color_border align_center\" style=\"height:20px\"><div class=\"w-separator-h\"><\/div><\/div><div class=\"w-separator size_medium\"><\/div><div class=\"g-cols wpb_row  type_default valign_top gap-1rem vc_inner\"><style>.g-cols.gap-1rem{margin:0 calc(-1.5rem - 1rem)}.gap-1rem > .vc_column_container {padding:1rem}<\/style><div class=\"vc_col-sm-4 wpb_column vc_column_container item\"><div class=\"vc_column-inner\"><div class=\"wpb_wrapper\"><div class=\"w-image align_none\"><div class=\"w-image-h\"><img width=\"300\" height=\"225\" src=\"https:\/\/dragonboatemotions.com\/wp-content\/uploads\/2021\/10\/IMG_20210617_102453-2-300x225.jpg\" class=\"attachment-medium size-medium\" alt=\"\" loading=\"lazy\" srcset=\"https:\/\/dragonboatemotions.com\/wp-content\/uploads\/2021\/10\/IMG_20210617_102453-2-300x225.jpg 300w, https:\/\/dragonboatemotions.com\/wp-content\/uploads\/2021\/10\/IMG_20210617_102453-2-1024x768.jpg 1024w\" sizes=\"(max-width: 300px) 100vw, 300px\" \/><\/div><\/div><div class=\"w-separator size_small\"><\/div><div class=\"wpb_text_column\" ><div class=\"wpb_wrapper\"><h4><strong>Bienvenida:<\/strong><\/h4>\n<\/div><\/div><div class=\"w-separator size_custom with_line width_default thick_1 style_solid color_border align_center\" style=\"height:5px\"><div class=\"w-separator-h\"><\/div><\/div><div class=\"w-separator size_small\"><\/div><div class=\"w-iconbox iconpos_left style_default color_primary align_left no_text\"><div class=\"w-iconbox-icon\" style=\"font-size:24px;\"><i class=\"fas fa-check\"><\/i><\/div><div class=\"w-iconbox-meta\"><p class=\"w-iconbox-title\">Introducci\u00f3n al Dragon Boat<\/p><\/div><\/div><div class=\"w-separator size_custom\" style=\"height:10px\"><\/div><div class=\"w-iconbox iconpos_left style_default color_primary align_left no_text\"><div class=\"w-iconbox-icon\" style=\"font-size:24px;\"><i class=\"fas fa-check\"><\/i><\/div><div class=\"w-iconbox-meta\"><p class=\"w-iconbox-title\">Historia<\/p><\/div><\/div><div class=\"w-separator size_custom\" style=\"height:10px\"><\/div><div class=\"w-iconbox iconpos_left style_default color_primary align_left no_text\"><div class=\"w-iconbox-icon\" style=\"font-size:24px;\"><i class=\"fas fa-check\"><\/i><\/div><div class=\"w-iconbox-meta\"><p class=\"w-iconbox-title\">Instrucciones t\u00e9cnicas y de seguridad<\/p><\/div><\/div><\/div><\/div><\/div><div class=\"vc_col-sm-4 wpb_column vc_column_container item\"><div class=\"vc_column-inner\"><div class=\"wpb_wrapper\"><div class=\"w-image align_none\"><div class=\"w-image-h\"><img width=\"300\" height=\"225\" src=\"https:\/\/dragonboatemotions.com\/wp-content\/uploads\/2021\/10\/IMG_6268-300x225.jpg\" class=\"attachment-medium size-medium\" alt=\"\" loading=\"lazy\" srcset=\"https:\/\/dragonboatemotions.com\/wp-content\/uploads\/2021\/10\/IMG_6268-300x225.jpg 300w, https:\/\/dragonboatemotions.com\/wp-content\/uploads\/2021\/10\/IMG_6268-1024x768.jpg 1024w\" sizes=\"(max-width: 300px) 100vw, 300px\" \/><\/div><\/div><div class=\"w-separator size_small\"><\/div><div class=\"wpb_text_column\" ><div class=\"wpb_wrapper\"><h4><strong>Actividad:<\/strong><\/h4>\n<\/div><\/div><div class=\"w-separator size_custom with_line width_default thick_1 style_solid color_border align_center\" style=\"height:5px\"><div class=\"w-separator-h\"><\/div><\/div><div class=\"w-separator size_small\"><\/div><div class=\"w-iconbox iconpos_left style_default color_primary align_left no_text\"><div class=\"w-iconbox-icon\" style=\"font-size:24px;\"><i class=\"fas fa-check\"><\/i><\/div><div class=\"w-iconbox-meta\"><p class=\"w-iconbox-title\">Pr\u00e1ctica en el agua<\/p><\/div><\/div><div class=\"w-separator size_custom\" style=\"height:10px\"><\/div><div class=\"w-iconbox iconpos_left style_default color_primary align_left no_text\"><div class=\"w-iconbox-icon\" style=\"font-size:24px;\"><i class=\"fas fa-check\"><\/i><\/div><div class=\"w-iconbox-meta\"><p class=\"w-iconbox-title\">Toma de tiempo inicial<\/p><\/div><\/div><div class=\"w-separator size_custom\" style=\"height:10px\"><\/div><div class=\"w-iconbox iconpos_left style_default color_primary align_left no_text\"><div class=\"w-iconbox-icon\" style=\"font-size:24px;\"><i class=\"fas fa-check\"><\/i><\/div><div class=\"w-iconbox-meta\"><p class=\"w-iconbox-title\">Ejercicios de coordinaci\u00f3n y descubrimiento del entorno<\/p><\/div><\/div><div class=\"w-separator size_custom\" style=\"height:10px\"><\/div><div class=\"w-iconbox iconpos_left style_default color_primary align_left no_text\"><div class=\"w-iconbox-icon\" style=\"font-size:24px;\"><i class=\"fas fa-check\"><\/i><\/div><div class=\"w-iconbox-meta\"><p class=\"w-iconbox-title\">Regata final entre participantes<\/p><\/div><\/div><\/div><\/div><\/div><div class=\"vc_col-sm-4 wpb_column vc_column_container item\"><div class=\"vc_column-inner\"><div class=\"wpb_wrapper\"><div class=\"w-image align_none\"><div class=\"w-image-h\"><img width=\"1024\" height=\"768\" src=\"https:\/\/dragonboatemotions.com\/wp-content\/uploads\/2021\/05\/dragon-boat-escoles-1024x768.jpg\" class=\"attachment-large size-large\" alt=\"\" loading=\"lazy\" srcset=\"https:\/\/dragonboatemotions.com\/wp-content\/uploads\/2021\/05\/dragon-boat-escoles-1024x768.jpg 1024w, https:\/\/dragonboatemotions.com\/wp-content\/uploads\/2021\/05\/dragon-boat-escoles-300x225.jpg 300w, https:\/\/dragonboatemotions.com\/wp-content\/uploads\/2021\/05\/dragon-boat-escoles.jpg 1920w\" sizes=\"(max-width: 1024px) 100vw, 1024px\" \/><\/div><\/div><div class=\"w-separator size_small\"><\/div><div class=\"wpb_text_column\" ><div class=\"wpb_wrapper\"><h4><strong>Clausura:<\/strong><\/h4>\n<\/div><\/div><div class=\"w-separator size_custom with_line width_default thick_1 style_solid color_border align_center\" style=\"height:5px\"><div class=\"w-separator-h\"><\/div><\/div><div class=\"w-separator size_small\"><\/div><div class=\"w-iconbox iconpos_left style_default color_primary align_left no_text\"><div class=\"w-iconbox-icon\" style=\"font-size:24px;\"><i class=\"fas fa-check\"><\/i><\/div><div class=\"w-iconbox-meta\"><p class=\"w-iconbox-title\">Ceremonia de premios<\/p><\/div><\/div><div class=\"w-separator size_custom\" style=\"height:10px\"><\/div><div class=\"w-iconbox iconpos_left style_default color_primary align_left no_text\"><div class=\"w-iconbox-icon\" style=\"font-size:24px;\"><i class=\"fas fa-check\"><\/i><\/div><div class=\"w-iconbox-meta\"><p class=\"w-iconbox-title\">Entrega de diplomas<\/p><\/div><\/div><\/div><\/div><\/div><\/div><\/div><\/div><\/div><\/div><\/div><\/section><section class=\"l-section wpb_row us_custom_729d3e27 height_medium\" id=\"preu-activitat\"><div class=\"l-section-h i-cf\"><div class=\"g-cols vc_row type_default valign_top\"><div class=\"vc_col-sm-6 wpb_column vc_column_container\"><div class=\"vc_column-inner\"><div class=\"wpb_wrapper\"><div class=\"wpb_text_column\" ><div class=\"wpb_wrapper\"><p><strong>Planning de ejemplo<\/strong><\/p>\n<\/div><\/div><div class=\"wpb_text_column\" ><div class=\"wpb_wrapper\"><p class=\"western\" lang=\"\"ca-ES\"><strong style=\"color: #ad2f18;\">10:00<\/strong> Llegada a las instalaciones + desayuno<\/p>\n<p class=\"western\" lang=\"ca-ES\"><strong style=\"color: #ad2f18;\">11:00<\/strong> Actividad de iniciaci\u00f3n al Dragon Boat + competiciones<\/p>\n<p class=\"western\" lang=\"ca-ES\"><strong style=\"color: #ad2f18;\">12:30<\/strong> Juegos de team building colaborativos<\/p>\n<p lang=\"ca-ES\"><strong style=\"color: #ad2f18;\">13:15 <\/strong>Ceremonia entrega de premios + despedida<\/p>\n<\/div><\/div><\/div><\/div><\/div><div class=\"vc_col-sm-6 wpb_column vc_column_container\"><div class=\"vc_column-inner\"><div class=\"wpb_wrapper\"><div class=\"w-image align_center\"><div class=\"w-image-h\"><img width=\"1024\" height=\"768\" src=\"https:\/\/dragonboatemotions.com\/wp-content\/uploads\/2021\/10\/IMG_6240-1024x768.jpg\" class=\"attachment-large size-large\" alt=\"\" loading=\"lazy\" srcset=\"https:\/\/dragonboatemotions.com\/wp-content\/uploads\/2021\/10\/IMG_6240-1024x768.jpg 1024w, https:\/\/dragonboatemotions.com\/wp-content\/uploads\/2021\/10\/IMG_6240-300x225.jpg 300w\" sizes=\"(max-width: 1024px) 100vw, 1024px\" \/><\/div><\/div><\/div><\/div><\/div><\/div><\/div><\/section><section class=\"l-section wpb_row us_custom_8ccc8abd height_medium has_text_color\"><div class=\"l-section-h i-cf\"><div class=\"g-cols vc_row type_default valign_top\"><div class=\"vc_col-sm-12 wpb_column vc_column_container has_text_color\"><div class=\"vc_column-inner us_custom_6df4bc3a\"><div class=\"wpb_wrapper\"><div class=\"wpb_text_column\" ><div class=\"wpb_wrapper\"><h4 style=\"text-align: left;\"><strong>Informaci\u00f3n complementaria<\/strong><\/h4>\n<\/div><\/div><div class=\"wpb_text_column\" ><div class=\"wpb_wrapper\"><p class=\"western\" lang=\"ca-ES\">\u00c9sta es una propuesta para una actividad de Dragon Boat de medio d\u00eda. El horario puede modificarse en funci\u00f3n de las necesidades del cliente.<br \/>Tambi\u00e9n podemos ofrecer actividades por la tarde. \u00a1Cons\u00faltenos todas las posibilidades!   <\/p>\n<\/div><\/div><div class=\"w-btn-wrapper width_auto align_center\"><a class=\"w-btn us-btn-style_2\" title=\"Contacto\" href=\"https:\/\/dragonboatemotions.com\/contacte\/\"><span class=\"w-btn-label\">Cont\u00e1ctanos<\/span><\/a><\/div><\/div><\/div><\/div><\/div><\/div><\/section>\n","protected":false},"excerpt":{"rendered":"Dragon Boat x escuelas El Dragon Boat es una nueva herramienta did\u00e1ctica para las escuelas. Nuestras embarcaciones son verdaderas aulas flotantes, de hasta 22 alumnos cada una. A bordo, combinamos el deporte al aire libre con valores directamente relacionados con la cultura, la tradici\u00f3n, la solidaridad y la naturaleza; y todo esto en un entorno...","protected":false},"author":1,"featured_media":0,"parent":0,"menu_order":0,"comment_status":"closed","ping_status":"closed","template":"","meta":[],"_links":{"self":[{"href":"https:\/\/dragonboatemotions.com\/es\/wp-json\/wp\/v2\/pages\/2037"}],"collection":[{"href":"https:\/\/dragonboatemotions.com\/es\/wp-json\/wp\/v2\/pages"}],"about":[{"href":"https:\/\/dragonboatemotions.com\/es\/wp-json\/wp\/v2\/types\/page"}],"author":[{"embeddable":true,"href":"https:\/\/dragonboatemotions.com\/es\/wp-json\/wp\/v2\/users\/1"}],"replies":[{"embeddable":true,"href":"https:\/\/dragonboatemotions.com\/es\/wp-json\/wp\/v2\/comments?post=2037"}],"version-history":[{"count":2,"href":"https:\/\/dragonboatemotions.com\/es\/wp-json\/wp\/v2\/pages\/2037\/revisions"}],"predecessor-version":[{"id":2055,"href":"https:\/\/dragonboatemotions.com\/es\/wp-json\/wp\/v2\/pages\/2037\/revisions\/2055"}],"wp:attachment":[{"href":"https:\/\/dragonboatemotions.com\/es\/wp-json\/wp\/v2\/media?parent=2037"}],"curies":[{"name":"wp","href":"https:\/\/api.w.org\/{rel}","templated":true}]}}