{"id":2124,"date":"2021-02-25T15:28:51","date_gmt":"2021-02-25T14:28:51","guid":{"rendered":"https:\/\/dragonboatemotions.com\/dragon-boat-de-mar\/"},"modified":"2024-08-07T16:34:13","modified_gmt":"2024-08-07T14:34:13","slug":"dragon-boat-de-mar","status":"publish","type":"page","link":"https:\/\/dragonboatemotions.com\/es\/dragon-boat-de-mar\/","title":{"rendered":"Dragon Boat de mar"},"content":{"rendered":"<section class=\"l-section wpb_row height_huge width_full with_slider\"><div class=\"l-section-slider\"><div class=\"w-slider style_none fit_cover\"><div class=\"w-slider-h\"><div class=\"royalSlider\"><div class=\"rsContent\"><a class=\"rsImg\" data-rsw=\"1920\" data-rsh=\"1366\" href=\"https:\/\/dragonboatemotions.com\/wp-content\/uploads\/2021\/03\/CY6A6193.jpg\"><span data-alt=\"\"><\/span><\/a><\/div><div class=\"rsContent\"><a class=\"rsImg\" data-rsw=\"1920\" data-rsh=\"1279\" href=\"https:\/\/dragonboatemotions.com\/wp-content\/uploads\/2021\/03\/dragon-boat-contacte.jpg\"><span data-alt=\"\"><\/span><\/a><\/div><div class=\"rsContent\"><a class=\"rsImg\" data-rsw=\"1920\" data-rsh=\"1371\" href=\"https:\/\/dragonboatemotions.com\/wp-content\/uploads\/2021\/03\/CY6A6915.jpg\"><span data-alt=\"\"><\/span><\/a><\/div><\/div><img src=\"https:\/\/dragonboatemotions.com\/wp-content\/uploads\/2021\/03\/CY6A6193.jpg\" width=\"1920\" height=\"1366\" alt loading=\"lazy\"><\/div><div class=\"w-slider-json\" onclick='return {&quot;loop&quot;:true,&quot;fadeInLoadedSlide&quot;:false,&quot;slidesSpacing&quot;:0,&quot;imageScalePadding&quot;:0,&quot;numImagesToPreload&quot;:2,&quot;arrowsNav&quot;:false,&quot;arrowsNavAutoHide&quot;:false,&quot;transitionType&quot;:&quot;move&quot;,&quot;transitionSpeed&quot;:1000,&quot;block&quot;:{&quot;moveEffect&quot;:&quot;none&quot;,&quot;speed&quot;:300},&quot;controlNavigation&quot;:&quot;none&quot;,&quot;autoplay&quot;:{&quot;enabled&quot;:true,&quot;pauseOnHover&quot;:false,&quot;delay&quot;:3000},&quot;imageScaleMode&quot;:&quot;fill&quot;,&quot;autoScaleSlider&quot;:true,&quot;autoScaleSliderWidth&quot;:1920,&quot;autoScaleSliderHeight&quot;:1366,&quot;fitInViewport&quot;:false}'><\/div><\/div><\/div><div class=\"l-section-h i-cf\"><div class=\"g-cols vc_row type_default valign_top\"><div class=\"vc_col-sm-12 wpb_column vc_column_container\"><div class=\"vc_column-inner\"><div class=\"wpb_wrapper\"><div class=\"w-separator size_medium\"><\/div><div class=\"wpb_text_column us_custom_6df4bc3a has_text_color\" ><div class=\"wpb_wrapper\"><h1 style=\"text-align: center;\">Dragon Boat de mar<\/h1>\n<\/div><\/div><div class=\"w-separator size_medium\"><\/div><div class=\"w-image sep align_none\"><div class=\"w-image-h\"><img width=\"1920\" height=\"120\" src=\"https:\/\/dragonboatemotions.com\/wp-content\/uploads\/2021\/02\/3902708.png\" class=\"attachment-full size-full\" alt=\"\" loading=\"lazy\" srcset=\"https:\/\/dragonboatemotions.com\/wp-content\/uploads\/2021\/02\/3902708.png 1920w, https:\/\/dragonboatemotions.com\/wp-content\/uploads\/2021\/02\/3902708-300x19.png 300w, https:\/\/dragonboatemotions.com\/wp-content\/uploads\/2021\/02\/3902708-1024x64.png 1024w\" sizes=\"(max-width: 1920px) 100vw, 1920px\" \/><\/div><\/div><\/div><\/div><\/div><\/div><\/div><\/section><section class=\"l-section wpb_row us_custom_2e6717b4 height_small width_full\"><div class=\"l-section-h i-cf\"><div class=\"g-cols vc_row type_boxes valign_middle\"><div class=\"vc_col-sm-3 wpb_column vc_column_container\"><div class=\"vc_column-inner\"><div class=\"wpb_wrapper\"><div class=\"w-image align_none\"><div class=\"w-image-h\"><img width=\"372\" height=\"245\" src=\"https:\/\/dragonboatemotions.com\/wp-content\/uploads\/2021\/04\/dragon-boat-de-mar-04.jpg\" class=\"attachment-large size-large\" alt=\"\" loading=\"lazy\" srcset=\"https:\/\/dragonboatemotions.com\/wp-content\/uploads\/2021\/04\/dragon-boat-de-mar-04.jpg 372w, https:\/\/dragonboatemotions.com\/wp-content\/uploads\/2021\/04\/dragon-boat-de-mar-04-300x198.jpg 300w, https:\/\/dragonboatemotions.com\/wp-content\/uploads\/2021\/04\/dragon-boat-de-mar-04-370x245.jpg 370w\" sizes=\"(max-width: 372px) 100vw, 372px\" \/><\/div><\/div><div class=\"w-separator size_small\"><\/div><div class=\"w-image align_none\"><div class=\"w-image-h\"><img width=\"370\" height=\"276\" src=\"https:\/\/dragonboatemotions.com\/wp-content\/uploads\/2021\/04\/dragon-boat-de-mar-03.jpg\" class=\"attachment-large size-large\" alt=\"\" loading=\"lazy\" srcset=\"https:\/\/dragonboatemotions.com\/wp-content\/uploads\/2021\/04\/dragon-boat-de-mar-03.jpg 370w, https:\/\/dragonboatemotions.com\/wp-content\/uploads\/2021\/04\/dragon-boat-de-mar-03-300x224.jpg 300w\" sizes=\"(max-width: 370px) 100vw, 370px\" \/><\/div><\/div><\/div><\/div><\/div><div class=\"vc_col-sm-6 wpb_column vc_column_container\"><div class=\"vc_column-inner\"><div class=\"wpb_wrapper\"><div class=\"wpb_text_column\" ><div class=\"wpb_wrapper\"><h4 style=\"text-align: center;\">La revoluci\u00f3n del Dragon Boat llega a nuestras costas!<\/h4>\n<\/div><\/div><div class=\"w-separator size_small\"><\/div><div class=\"wpb_text_column\" ><div class=\"wpb_wrapper\"><h4 style=\"text-align: center;\">Dragon Boat Emotions y Champions, la marca l\u00edder en fabricaci\u00f3n de dragon boats, se unen para llevar a todo el litoral espa\u00f1ol la modalidad m\u00e1s emocionante del Dragon Boat.<\/h4>\n<\/div><\/div><div class=\"wpb_text_column\" ><div class=\"wpb_wrapper\"><p style=\"text-align: center;\">El Dragon Boat de Mar es un barco Dragon Boat adaptado para salir al mar, est\u00e1 prove\u00eddo de orza y canales para desaguar el agua de las oleadas. La configuraci\u00f3n es para 10 palistas, 1 tamborilero y 1 timonel.<\/p>\n<\/div><\/div><div class=\"wpb_text_column\" ><div class=\"wpb_wrapper\"><p style=\"text-align: center;\">Si est\u00e1s interesado en esta modalidad contacta con nosotros!<\/p>\n<\/div><\/div><div class=\"w-btn-wrapper width_auto align_center\"><a class=\"w-btn us-btn-style_1\" title=\"Contacto\" href=\"https:\/\/dragonboatemotions.com\/contacte\/\"><span class=\"w-btn-label\">Contacto<\/span><\/a><\/div><\/div><\/div><\/div><div class=\"vc_col-sm-3 wpb_column vc_column_container\"><div class=\"vc_column-inner\"><div class=\"wpb_wrapper\"><div class=\"w-image align_none\"><div class=\"w-image-h\"><img width=\"357\" height=\"267\" src=\"https:\/\/dragonboatemotions.com\/wp-content\/uploads\/2021\/04\/dragon-boat-de-mar-02.jpg\" class=\"attachment-large size-large\" alt=\"\" loading=\"lazy\" srcset=\"https:\/\/dragonboatemotions.com\/wp-content\/uploads\/2021\/04\/dragon-boat-de-mar-02.jpg 357w, https:\/\/dragonboatemotions.com\/wp-content\/uploads\/2021\/04\/dragon-boat-de-mar-02-300x224.jpg 300w\" sizes=\"(max-width: 357px) 100vw, 357px\" \/><\/div><\/div><div class=\"w-separator size_small\"><\/div><div class=\"w-image align_none\"><div class=\"w-image-h\"><img width=\"376\" height=\"250\" src=\"https:\/\/dragonboatemotions.com\/wp-content\/uploads\/2021\/04\/dragon-boat-de-mar-01.jpg\" class=\"attachment-large size-large\" alt=\"\" loading=\"lazy\" srcset=\"https:\/\/dragonboatemotions.com\/wp-content\/uploads\/2021\/04\/dragon-boat-de-mar-01.jpg 376w, https:\/\/dragonboatemotions.com\/wp-content\/uploads\/2021\/04\/dragon-boat-de-mar-01-300x199.jpg 300w\" sizes=\"(max-width: 376px) 100vw, 376px\" \/><\/div><\/div><\/div><\/div><\/div><\/div><\/div><\/section><section class=\"l-section wpb_row us_custom_f82b45b0 height_medium\"><div class=\"l-section-h i-cf\"><div class=\"g-cols vc_row type_default valign_top\"><div class=\"vc_col-sm-12 wpb_column vc_column_container has_text_color\"><div class=\"vc_column-inner us_custom_6df4bc3a\"><div class=\"wpb_wrapper\"><div class=\"wpb_text_column\" ><div class=\"wpb_wrapper\"><h3 style=\"text-align: center;\">Disfruta de las oleadas en una <strong>embarcaci\u00f3n segura y robusta<\/strong> que te permitir\u00e1 vivir momentos emocionantes.<\/h3>\n<h3 style=\"text-align: center;\">Gracias a nuestro sistema de transporte puedes practicarlo <strong>donde quieras.<\/strong><\/h3>\n<\/div><\/div><\/div><\/div><\/div><\/div><\/div><\/section>\n","protected":false},"excerpt":{"rendered":"Dragon Boat de mar La revoluci\u00f3n del Dragon Boat llega a nuestras costas! Dragon Boat Emotions y Champions, la marca l\u00edder en fabricaci\u00f3n de dragon boats, se unen para llevar a todo el litoral espa\u00f1ol la modalidad m\u00e1s emocionante del Dragon Boat. El Dragon Boat de Mar es un barco Dragon Boat adaptado para salir...","protected":false},"author":1,"featured_media":0,"parent":0,"menu_order":0,"comment_status":"closed","ping_status":"closed","template":"","meta":[],"_links":{"self":[{"href":"https:\/\/dragonboatemotions.com\/es\/wp-json\/wp\/v2\/pages\/2124"}],"collection":[{"href":"https:\/\/dragonboatemotions.com\/es\/wp-json\/wp\/v2\/pages"}],"about":[{"href":"https:\/\/dragonboatemotions.com\/es\/wp-json\/wp\/v2\/types\/page"}],"author":[{"embeddable":true,"href":"https:\/\/dragonboatemotions.com\/es\/wp-json\/wp\/v2\/users\/1"}],"replies":[{"embeddable":true,"href":"https:\/\/dragonboatemotions.com\/es\/wp-json\/wp\/v2\/comments?post=2124"}],"version-history":[{"count":5,"href":"https:\/\/dragonboatemotions.com\/es\/wp-json\/wp\/v2\/pages\/2124\/revisions"}],"predecessor-version":[{"id":2133,"href":"https:\/\/dragonboatemotions.com\/es\/wp-json\/wp\/v2\/pages\/2124\/revisions\/2133"}],"wp:attachment":[{"href":"https:\/\/dragonboatemotions.com\/es\/wp-json\/wp\/v2\/media?parent=2124"}],"curies":[{"name":"wp","href":"https:\/\/api.w.org\/{rel}","templated":true}]}}