{"id":2149,"date":"2021-02-25T16:52:15","date_gmt":"2021-02-25T15:52:15","guid":{"rendered":"https:\/\/dragonboatemotions.com\/que-es-un-festival-de-dragon-boat\/"},"modified":"2024-08-07T16:38:22","modified_gmt":"2024-08-07T14:38:22","slug":"que-es-un-festival-de-dragon-boat","status":"publish","type":"page","link":"https:\/\/dragonboatemotions.com\/es\/que-es-un-festival-de-dragon-boat\/","title":{"rendered":"\u00bfQu\u00e9 es un festival de Dragon Boat?"},"content":{"rendered":"<section class=\"l-section wpb_row height_huge width_full with_slider\"><div class=\"l-section-slider\"><div class=\"w-slider style_none fit_cover\"><div class=\"w-slider-h\"><div class=\"royalSlider\"><div class=\"rsContent\"><a class=\"rsImg\" data-rsw=\"1920\" data-rsh=\"1366\" href=\"https:\/\/dragonboatemotions.com\/wp-content\/uploads\/2021\/03\/CY6A6193.jpg\"><span data-alt=\"\"><\/span><\/a><\/div><div class=\"rsContent\"><a class=\"rsImg\" data-rsw=\"1920\" data-rsh=\"1280\" href=\"https:\/\/dragonboatemotions.com\/wp-content\/uploads\/2021\/03\/CY6A6903.jpg\"><span data-alt=\"\"><\/span><\/a><\/div><div class=\"rsContent\"><a class=\"rsImg\" data-rsw=\"1920\" data-rsh=\"1083\" href=\"https:\/\/dragonboatemotions.com\/wp-content\/uploads\/2021\/03\/DSC_0137.jpg\"><span data-alt=\"\"><\/span><\/a><\/div><\/div><img src=\"https:\/\/dragonboatemotions.com\/wp-content\/uploads\/2021\/03\/CY6A6193.jpg\" width=\"1920\" height=\"1366\" alt loading=\"lazy\"><\/div><div class=\"w-slider-json\" onclick='return {&quot;loop&quot;:true,&quot;fadeInLoadedSlide&quot;:false,&quot;slidesSpacing&quot;:0,&quot;imageScalePadding&quot;:0,&quot;numImagesToPreload&quot;:2,&quot;arrowsNav&quot;:false,&quot;arrowsNavAutoHide&quot;:false,&quot;transitionType&quot;:&quot;move&quot;,&quot;transitionSpeed&quot;:1000,&quot;block&quot;:{&quot;moveEffect&quot;:&quot;none&quot;,&quot;speed&quot;:300},&quot;controlNavigation&quot;:&quot;none&quot;,&quot;autoplay&quot;:{&quot;enabled&quot;:true,&quot;pauseOnHover&quot;:false,&quot;delay&quot;:3000},&quot;imageScaleMode&quot;:&quot;fill&quot;,&quot;autoScaleSlider&quot;:true,&quot;autoScaleSliderWidth&quot;:1920,&quot;autoScaleSliderHeight&quot;:1366,&quot;fitInViewport&quot;:false}'><\/div><\/div><\/div><div class=\"l-section-h i-cf\"><div class=\"g-cols vc_row type_default valign_top\"><div class=\"vc_col-sm-12 wpb_column vc_column_container\"><div class=\"vc_column-inner\"><div class=\"wpb_wrapper\"><div class=\"w-separator size_medium\"><\/div><div class=\"wpb_text_column us_custom_6df4bc3a has_text_color\" ><div class=\"wpb_wrapper\"><h1 style=\"text-align: center;\">\u00bfQu\u00e9 es un festival de Dragon Boat?<\/h1>\n<\/div><\/div><div class=\"w-separator size_medium\"><\/div><div class=\"w-image sep align_none\"><div class=\"w-image-h\"><img width=\"1920\" height=\"120\" src=\"https:\/\/dragonboatemotions.com\/wp-content\/uploads\/2021\/02\/3902708.png\" class=\"attachment-full size-full\" alt=\"\" loading=\"lazy\" srcset=\"https:\/\/dragonboatemotions.com\/wp-content\/uploads\/2021\/02\/3902708.png 1920w, https:\/\/dragonboatemotions.com\/wp-content\/uploads\/2021\/02\/3902708-300x19.png 300w, https:\/\/dragonboatemotions.com\/wp-content\/uploads\/2021\/02\/3902708-1024x64.png 1024w\" sizes=\"(max-width: 1920px) 100vw, 1920px\" \/><\/div><\/div><\/div><\/div><\/div><\/div><\/div><\/section><section class=\"l-section wpb_row us_custom_93780a3e height_small\"><div class=\"l-section-h i-cf\"><div class=\"g-cols vc_row type_default valign_top\"><div class=\"vc_col-sm-12 wpb_column vc_column_container\"><div class=\"vc_column-inner\"><div class=\"wpb_wrapper\"><div class=\"w-separator size_small\"><\/div><div class=\"wpb_text_column\" ><div class=\"wpb_wrapper\"><h3 style=\"text-align: center;\">Un festival de Dragon Boat \u00e9s l\u2019esdeveniment per excel\u00b7l\u00e8ncia de tots els esdeveniments d\u2019aquest esport. Podem destacar diferents caracter\u00edstiques:<\/h3>\n<\/div><\/div><\/div><\/div><\/div><\/div><\/div><\/section><section class=\"l-section wpb_row us_custom_93780a3e height_small\"><div class=\"l-section-h i-cf\"><div class=\"g-cols vc_row type_boxes valign_top\"><div class=\"vc_col-sm-12 wpb_column vc_column_container\"><div class=\"vc_column-inner\"><div class=\"wpb_wrapper\"><div class=\"g-cols wpb_row  type_default valign_top gap-1rem vc_inner\"><style>.g-cols.gap-1rem{margin:0 calc(-1.5rem - 1rem)}.gap-1rem > .vc_column_container {padding:1rem}<\/style><div class=\"vc_col-sm-6 wpb_column vc_column_container item\"><div class=\"vc_column-inner\"><div class=\"wpb_wrapper\"><div class=\"wpb_text_column\" ><div class=\"wpb_wrapper\"><h2>Apto para todos<\/h2>\n<\/div><\/div><div class=\"w-separator size_custom with_line width_30 thick_2 style_solid color_secondary align_center\" style=\"height:10px\"><div class=\"w-separator-h\"><\/div><\/div><div class=\"w-separator size_custom\" style=\"height:20px\"><\/div><div class=\"wpb_text_column\" ><div class=\"wpb_wrapper\"><p>Permite la creaci\u00f3n de subcategor\u00edas donde todos los participantes pueden sentirse representados y motivados para competir: Escuelas, universidades, empresas, amigos, asociaciones, colectivos\u2026<\/p>\n<\/div><\/div><div class=\"w-image us_custom_4fb9e5a3 align_none\"><div class=\"w-image-h\"><img width=\"800\" height=\"800\" src=\"https:\/\/dragonboatemotions.com\/wp-content\/uploads\/2021\/02\/QUE-ES-EL-DB.png\" class=\"attachment-large size-large\" alt=\"\" loading=\"lazy\" srcset=\"https:\/\/dragonboatemotions.com\/wp-content\/uploads\/2021\/02\/QUE-ES-EL-DB.png 800w, https:\/\/dragonboatemotions.com\/wp-content\/uploads\/2021\/02\/QUE-ES-EL-DB-300x300.png 300w, https:\/\/dragonboatemotions.com\/wp-content\/uploads\/2021\/02\/QUE-ES-EL-DB-150x150.png 150w, https:\/\/dragonboatemotions.com\/wp-content\/uploads\/2021\/02\/QUE-ES-EL-DB-600x600.png 600w, https:\/\/dragonboatemotions.com\/wp-content\/uploads\/2021\/02\/QUE-ES-EL-DB-400x400.png 400w, https:\/\/dragonboatemotions.com\/wp-content\/uploads\/2021\/02\/QUE-ES-EL-DB-370x370.png 370w\" sizes=\"(max-width: 800px) 100vw, 800px\" \/><\/div><\/div><\/div><\/div><\/div><div class=\"vc_col-sm-6 wpb_column vc_column_container item\"><div class=\"vc_column-inner\"><div class=\"wpb_wrapper\"><div class=\"wpb_text_column\" ><div class=\"wpb_wrapper\"><h2>Tem\u00e1ticos<\/h2>\n<\/div><\/div><div class=\"w-separator size_custom with_line width_30 thick_2 style_solid color_secondary align_center\" style=\"height:10px\"><div class=\"w-separator-h\"><\/div><\/div><div class=\"w-separator size_custom\" style=\"height:20px\"><\/div><div class=\"wpb_text_column\" ><div class=\"wpb_wrapper\"><p>Los festivales pueden personalizarse seg\u00fan su finalidad, podemos diferenciarlos en eventos <strong>solidarios<\/strong>, <strong>competitivos<\/strong>, <strong>festivos<\/strong> y <strong>corporativos.<\/strong><\/p>\n<\/div><\/div><div class=\"w-image us_custom_4fb9e5a3 align_none\"><div class=\"w-image-h\"><img width=\"800\" height=\"800\" src=\"https:\/\/dragonboatemotions.com\/wp-content\/uploads\/2021\/02\/QUE-ES-EL-DB.png\" class=\"attachment-large size-large\" alt=\"\" loading=\"lazy\" srcset=\"https:\/\/dragonboatemotions.com\/wp-content\/uploads\/2021\/02\/QUE-ES-EL-DB.png 800w, https:\/\/dragonboatemotions.com\/wp-content\/uploads\/2021\/02\/QUE-ES-EL-DB-300x300.png 300w, https:\/\/dragonboatemotions.com\/wp-content\/uploads\/2021\/02\/QUE-ES-EL-DB-150x150.png 150w, https:\/\/dragonboatemotions.com\/wp-content\/uploads\/2021\/02\/QUE-ES-EL-DB-600x600.png 600w, https:\/\/dragonboatemotions.com\/wp-content\/uploads\/2021\/02\/QUE-ES-EL-DB-400x400.png 400w, https:\/\/dragonboatemotions.com\/wp-content\/uploads\/2021\/02\/QUE-ES-EL-DB-370x370.png 370w\" sizes=\"(max-width: 800px) 100vw, 800px\" \/><\/div><\/div><\/div><\/div><\/div><\/div><div class=\"w-separator size_medium\"><\/div><div class=\"g-cols wpb_row  type_default valign_top gap-1rem vc_inner\"><style>.g-cols.gap-1rem{margin:0 calc(-1.5rem - 1rem)}.gap-1rem > .vc_column_container {padding:1rem}<\/style><div class=\"vc_col-sm-6 wpb_column vc_column_container item\"><div class=\"vc_column-inner\"><div class=\"wpb_wrapper\"><div class=\"wpb_text_column\" ><div class=\"wpb_wrapper\"><h2>Inclusivos<\/h2>\n<\/div><\/div><div class=\"w-separator size_custom with_line width_30 thick_2 style_solid color_secondary align_center\" style=\"height:10px\"><div class=\"w-separator-h\"><\/div><\/div><div class=\"w-separator size_custom\" style=\"height:20px\"><\/div><div class=\"wpb_text_column\" ><div class=\"wpb_wrapper\"><p>Todo el mundo puede participar en un festival de Dragon Boat, no existe ninguna restricci\u00f3n de edad ni de condici\u00f3n f\u00edsica. Son muy populares.<\/p>\n<\/div><\/div><div class=\"w-image us_custom_4fb9e5a3 align_none\"><div class=\"w-image-h\"><img width=\"800\" height=\"800\" src=\"https:\/\/dragonboatemotions.com\/wp-content\/uploads\/2021\/02\/QUE-ES-EL-DB.png\" class=\"attachment-large size-large\" alt=\"\" loading=\"lazy\" srcset=\"https:\/\/dragonboatemotions.com\/wp-content\/uploads\/2021\/02\/QUE-ES-EL-DB.png 800w, https:\/\/dragonboatemotions.com\/wp-content\/uploads\/2021\/02\/QUE-ES-EL-DB-300x300.png 300w, https:\/\/dragonboatemotions.com\/wp-content\/uploads\/2021\/02\/QUE-ES-EL-DB-150x150.png 150w, https:\/\/dragonboatemotions.com\/wp-content\/uploads\/2021\/02\/QUE-ES-EL-DB-600x600.png 600w, https:\/\/dragonboatemotions.com\/wp-content\/uploads\/2021\/02\/QUE-ES-EL-DB-400x400.png 400w, https:\/\/dragonboatemotions.com\/wp-content\/uploads\/2021\/02\/QUE-ES-EL-DB-370x370.png 370w\" sizes=\"(max-width: 800px) 100vw, 800px\" \/><\/div><\/div><\/div><\/div><\/div><div class=\"vc_col-sm-6 wpb_column vc_column_container item\"><div class=\"vc_column-inner\"><div class=\"wpb_wrapper\"><div class=\"wpb_text_column\" ><div class=\"wpb_wrapper\"><h2>Din\u00e1micos<\/h2>\n<\/div><\/div><div class=\"w-separator size_custom with_line width_30 thick_2 style_solid color_secondary align_center\" style=\"height:10px\"><div class=\"w-separator-h\"><\/div><\/div><div class=\"w-separator size_custom\" style=\"height:20px\"><\/div><div class=\"wpb_text_column\" ><div class=\"wpb_wrapper\"><p>Son el marco perfecto para realizar otros eventos en paralelo como festivales musicales, ferias, exposiciones, jornadas, etc.<\/p>\n<\/div><\/div><div class=\"w-image us_custom_4fb9e5a3 align_none\"><div class=\"w-image-h\"><img width=\"800\" height=\"800\" src=\"https:\/\/dragonboatemotions.com\/wp-content\/uploads\/2021\/02\/QUE-ES-EL-DB.png\" class=\"attachment-large size-large\" alt=\"\" loading=\"lazy\" srcset=\"https:\/\/dragonboatemotions.com\/wp-content\/uploads\/2021\/02\/QUE-ES-EL-DB.png 800w, https:\/\/dragonboatemotions.com\/wp-content\/uploads\/2021\/02\/QUE-ES-EL-DB-300x300.png 300w, https:\/\/dragonboatemotions.com\/wp-content\/uploads\/2021\/02\/QUE-ES-EL-DB-150x150.png 150w, https:\/\/dragonboatemotions.com\/wp-content\/uploads\/2021\/02\/QUE-ES-EL-DB-600x600.png 600w, https:\/\/dragonboatemotions.com\/wp-content\/uploads\/2021\/02\/QUE-ES-EL-DB-400x400.png 400w, https:\/\/dragonboatemotions.com\/wp-content\/uploads\/2021\/02\/QUE-ES-EL-DB-370x370.png 370w\" sizes=\"(max-width: 800px) 100vw, 800px\" \/><\/div><\/div><\/div><\/div><\/div><\/div><\/div><\/div><\/div><\/div><\/div><\/section>\n","protected":false},"excerpt":{"rendered":"\u00bfQu\u00e9 es un festival de Dragon Boat? Un festival de Dragon Boat \u00e9s l\u2019esdeveniment per excel\u00b7l\u00e8ncia de tots els esdeveniments d\u2019aquest esport. Podem destacar diferents caracter\u00edstiques: Apto para todos Permite la creaci\u00f3n de subcategor\u00edas donde todos los participantes pueden sentirse representados y motivados para competir: Escuelas, universidades, empresas, amigos, asociaciones, colectivos\u2026 Tem\u00e1ticos Los festivales pueden...","protected":false},"author":1,"featured_media":0,"parent":0,"menu_order":0,"comment_status":"closed","ping_status":"closed","template":"","meta":[],"_links":{"self":[{"href":"https:\/\/dragonboatemotions.com\/es\/wp-json\/wp\/v2\/pages\/2149"}],"collection":[{"href":"https:\/\/dragonboatemotions.com\/es\/wp-json\/wp\/v2\/pages"}],"about":[{"href":"https:\/\/dragonboatemotions.com\/es\/wp-json\/wp\/v2\/types\/page"}],"author":[{"embeddable":true,"href":"https:\/\/dragonboatemotions.com\/es\/wp-json\/wp\/v2\/users\/1"}],"replies":[{"embeddable":true,"href":"https:\/\/dragonboatemotions.com\/es\/wp-json\/wp\/v2\/comments?post=2149"}],"version-history":[{"count":2,"href":"https:\/\/dragonboatemotions.com\/es\/wp-json\/wp\/v2\/pages\/2149\/revisions"}],"predecessor-version":[{"id":2151,"href":"https:\/\/dragonboatemotions.com\/es\/wp-json\/wp\/v2\/pages\/2149\/revisions\/2151"}],"wp:attachment":[{"href":"https:\/\/dragonboatemotions.com\/es\/wp-json\/wp\/v2\/media?parent=2149"}],"curies":[{"name":"wp","href":"https:\/\/api.w.org\/{rel}","templated":true}]}}