{"id":2152,"date":"2021-03-04T12:45:22","date_gmt":"2021-03-04T11:45:22","guid":{"rendered":"https:\/\/dragonboatemotions.com\/contacto\/"},"modified":"2026-01-02T11:51:55","modified_gmt":"2026-01-02T10:51:55","slug":"contacto","status":"publish","type":"page","link":"https:\/\/dragonboatemotions.com\/es\/contacto\/","title":{"rendered":"Contacto"},"content":{"rendered":"<section class=\"l-section wpb_row us_custom_804c921c height_full valign_center\"><div class=\"l-section-h i-cf\"><div class=\"g-cols vc_row type_boxes valign_middle\"><div class=\"vc_col-sm-8 wpb_column vc_column_container animate_afl backform\" style=\"animation-delay:0.4s\"><div class=\"vc_column-inner\"><div class=\"wpb_wrapper\"><div class=\"wpb_text_column\" ><div class=\"wpb_wrapper\"><h1>Dragon Boat Emotions<\/h1>\n<\/div><\/div><div class=\"w-separator size_small\"><\/div><div class=\"g-cols wpb_row  type_default valign_top vc_inner\"><div class=\"vc_col-sm-6 wpb_column vc_column_container\"><div class=\"vc_column-inner\"><div class=\"wpb_wrapper\"><div class=\"wpb_text_column\" ><div class=\"wpb_wrapper\"><p>Passeig de la Generalitat 21 17820 Banyoles<br \/>\n<strong>Tel\u00e9fono<\/strong>:<a href=\"tel:972580639\">+34 972580639<\/a><br \/>\n<strong>Correo electr\u00f3nico<\/strong>: <a href=\"mailto:comercial@dragonboatemotions.com\">comercial@dragonboatemotions.com<\/a><\/p>\n<\/div><\/div><\/div><\/div><\/div><div class=\"vc_col-sm-6 wpb_column vc_column_container\"><div class=\"vc_column-inner\"><div class=\"wpb_wrapper\"><div class=\"w-iconbox iconpos_top style_circle color_custom align_center no_text\"><a target=\"_blank\" href=\"https:\/\/www.google.com\/maps\/place\/Agenda+Gesti%C3%B3+Esportiva\/@42.1240149,2.7607414,15z\/data=!4m2!3m1!1s0x0:0x56ea1945a5208737?sa=X&amp;ved=2ahUKEwicuL7SnNjvAhX1BGMBHcIGDcEQ_BIwDHoECBcQBQ\" rel=\"noopener\" class=\"w-iconbox-link\" aria-label=\"Dragon Boat Emotions a Google Maps\"><div class=\"w-iconbox-icon\" style=\"box-shadow:0 0 0 2px linear-gradient(180deg,#a92316,#c97f25) inset;background:linear-gradient(180deg,#a92316,#c97f25);color:#ffffff;\"><i class=\"fas fa-map-marker-alt\"><\/i><\/div><\/a><div class=\"w-iconbox-meta\"><a target=\"_blank\" href=\"https:\/\/www.google.com\/maps\/place\/Agenda+Gesti%C3%B3+Esportiva\/@42.1240149,2.7607414,15z\/data=!4m2!3m1!1s0x0:0x56ea1945a5208737?sa=X&amp;ved=2ahUKEwicuL7SnNjvAhX1BGMBHcIGDcEQ_BIwDHoECBcQBQ\" rel=\"noopener\" class=\"w-iconbox-link\" aria-label=\"Dragon Boat Emotions a Google Maps\"><h4 class=\"w-iconbox-title\">Dragon Boat Emotions a Google Maps<\/h4><\/a><\/div><\/div><\/div><\/div><\/div><\/div><div class=\"w-separator size_small\"><\/div><form class=\"w-form  layout_ver for_cform us_form_1\" autocomplete=\"off\" action=\"https:\/\/dragonboatemotions.com\/es\/wp-json\/wp\/v2\/pages\/2152\" method=\"post\"><div class=\"w-form-h\"><div class=\"w-form-row for_text required\">\r\n\t\t<div class=\"w-form-row-field\">\r\n\t\t\t\t\t\t<input aria-label=\"Nombre\" type=\"text\" name=\"us_form_1_text_1\" value placeholder=\"Nombre *\" data-required=\"true\" aria-required=\"true\"\/>\r\n\t\t\t<\/div>\r\n\t\t<div class=\"w-form-row-state\">Rellena este campo<\/div>\r\n<\/div>\r\n<div class=\"w-form-row for_email required\">\r\n\t\t<div class=\"w-form-row-field\">\r\n\t\t\t\t\t\t<input aria-label=\"Correo electr\u00f3nico\" type=\"email\" name=\"us_form_1_email_1\" value placeholder=\"Correo electr\u00f3nico *\" data-required=\"true\" aria-required=\"true\"\/>\r\n\t\t\t<\/div>\r\n\t\t<div class=\"w-form-row-state\">Por favor, introduce una direcci\u00f3n de correo electr\u00f3nico v\u00e1lida.<\/div>\r\n<\/div>\r\n<div class=\"w-form-row for_select has_label\">\r\n\t\t\t<div class=\"w-form-row-label\">\r\n\t\t\t<span>Eres<\/span>\r\n\t\t<\/div>\r\n\t\t<div class=\"w-form-row-field\">\r\n\t\t\t\t\t\t<select aria-label=\"Eres\" name=\"us_form_1_select_1\">\r\n\t\t\t<option value=\"Empresa\">Empresa<\/option><option value=\"Escola\">Escola<\/option><option value=\"Institut\">Institut<\/option><option value=\"Fam\u00edlia\">Fam\u00edlia<\/option><option value=\"Particular\">Particular<\/option><option value=\"Festival\">Festival<\/option>\t\t<\/select>\r\n\t\t\t<\/div>\r\n\t\t<div class=\"w-form-row-state\">Seleccione una opci\u00f3n<\/div>\r\n<\/div>\r\n<div class=\"w-form-row for_select has_label\">\r\n\t\t\t<div class=\"w-form-row-label\">\r\n\t\t\t<span> Quieres formar parte de un equipo? Escoge base n\u00e1utica de preferencia:<\/span>\r\n\t\t<\/div>\r\n\t\t<div class=\"w-form-row-field\">\r\n\t\t\t\t\t\t<select aria-label=\" Quieres formar parte de un equipo? Escoge base n\u00e1utica de preferencia:\" name=\"us_form_1_select_2\">\r\n\t\t\t<option value=\"Banyoles\">Banyoles<\/option><option value=\"Badalona \">Badalona <\/option><option value=\"Castelldefels\">Castelldefels<\/option>\t\t<\/select>\r\n\t\t\t<\/div>\r\n\t\t<div class=\"w-form-row-state\">Seleccione una opci\u00f3n<\/div>\r\n<\/div>\r\n<div class=\"w-form-row for_textarea\">\r\n\t\t<div class=\"w-form-row-field\">\r\n\t\t\t\t\t\t<textarea aria-label=\"Asunto...\" name=\"us_form_1_textarea_1\" placeholder=\"Asunto...\"><\/textarea>\r\n\t\t\t<\/div>\r\n\t\t<div class=\"w-form-row-state\">Rellena este campo<\/div>\r\n<\/div>\r\n<div class=\"w-form-row for_checkboxes required\">\r\n\t\t<div class=\"w-form-row-field\">\r\n\t\t\t\t\t<label>\r\n\t\t\t\t<input type=\"checkbox\" class=\"screen-reader-text\" name=\"us_form_1_checkboxes_1[]\" data-required=\"true\" value=\"&lt;a href=&quot;https:\/\/dragonboatemotions.com\/politica-de-privacitat\/&quot;&gt;Estoy de acuerdo con la pol\u00edtica de privacidad de Dragon Boat&lt;\/a&gt;\"\/>\r\n\t\t\t\t<span class=\"w-form-checkbox\"><\/span>\r\n\t\t\t\t<span><a href=\"https:\/\/dragonboatemotions.com\/politica-de-privacitat\/\">Estoy de acuerdo con la pol\u00edtica de privacidad de Dragon Boat<\/a><\/span>\r\n\t\t\t<\/label>\r\n\t\t\t\t<\/div>\r\n\t\t<div class=\"w-form-row-state\">Seleccione una opci\u00f3n<\/div>\r\n<\/div>\r\n<div class=\"w-form-row for_captcha required\">\r\n\t<div class=\"w-form-row-label\">\r\n\t\t<span> <span>20 - 14 = ?<\/span><\/span>\r\n\t<\/div>\r\n\t<div class=\"w-form-row-field\">\r\n\t\t\t\t<input type=\"hidden\" name=\"us_form_1_captcha_1_hash\" value=\"8b3b8d3e055e01860371ae1495e34a18\" \/>\r\n\t\t\t\t<input aria-label=\"us_form_1_captcha_1\" type=\"text\" name=\"us_form_1_captcha_1\" placeholder data-required=\"true\" aria-required=\"true\"\/>\r\n\t\t\t<\/div>\r\n\t\t<div class=\"w-form-row-state\">Escriba el resultado de la operaci\u00f3n para continuar<\/div>\r\n<\/div>\r\n<input type=\"hidden\" name=\"action\" value=\"us_ajax_cform\" \/><input type=\"hidden\" name=\"post_id\" value \/><input type=\"hidden\" name=\"form_index\" value=\"1\" \/><div class=\"w-form-row for_submit align_default\">\r\n\t<div class=\"w-form-row-field\">\r\n\t\t\t\t<button class=\"w-btn  us-btn-style_1\" aria-label=\"Enviar\" type=\"submit\">\r\n\t\t\t<span class=\"g-preloader type_1\"><\/span>\r\n\t\t\t\t\t\t<span class=\"w-btn-label\">Enviar<\/span>\r\n\t\t\t\t\t<\/button>\r\n\t<\/div>\r\n<\/div><\/div><div class=\"w-form-message\"><\/div><div class=\"w-form-json hidden\" onclick='return {&quot;ajaxurl&quot;:&quot;https:\\\/\\\/dragonboatemotions.com\\\/wp-admin\\\/admin-ajax.php&quot;}'><\/div><\/form><\/div><\/div><\/div><div class=\"vc_col-sm-4 wpb_column vc_column_container\"><div class=\"vc_column-inner\"><div class=\"wpb_wrapper\"><\/div><\/div><\/div><\/div><\/div><\/section>\n","protected":false},"excerpt":{"rendered":"Dragon Boat Emotions Passeig de la Generalitat 21 17820 Banyoles Tel\u00e9fono:+34 972580639 Correo electr\u00f3nico: comercial@dragonboatemotions.com Dragon Boat Emotions a Google Maps Rellena este campo Por favor, introduce una direcci\u00f3n de correo electr\u00f3nico v\u00e1lida. Eres EmpresaEscolaInstitutFam\u00edliaParticularFestival Seleccione una opci\u00f3n Quieres formar parte de un equipo? Escoge base n\u00e1utica de preferencia: BanyolesBadalona Castelldefels Seleccione una opci\u00f3n Rellena...","protected":false},"author":1,"featured_media":0,"parent":0,"menu_order":0,"comment_status":"closed","ping_status":"closed","template":"","meta":[],"_links":{"self":[{"href":"https:\/\/dragonboatemotions.com\/es\/wp-json\/wp\/v2\/pages\/2152"}],"collection":[{"href":"https:\/\/dragonboatemotions.com\/es\/wp-json\/wp\/v2\/pages"}],"about":[{"href":"https:\/\/dragonboatemotions.com\/es\/wp-json\/wp\/v2\/types\/page"}],"author":[{"embeddable":true,"href":"https:\/\/dragonboatemotions.com\/es\/wp-json\/wp\/v2\/users\/1"}],"replies":[{"embeddable":true,"href":"https:\/\/dragonboatemotions.com\/es\/wp-json\/wp\/v2\/comments?post=2152"}],"version-history":[{"count":7,"href":"https:\/\/dragonboatemotions.com\/es\/wp-json\/wp\/v2\/pages\/2152\/revisions"}],"predecessor-version":[{"id":2325,"href":"https:\/\/dragonboatemotions.com\/es\/wp-json\/wp\/v2\/pages\/2152\/revisions\/2325"}],"wp:attachment":[{"href":"https:\/\/dragonboatemotions.com\/es\/wp-json\/wp\/v2\/media?parent=2152"}],"curies":[{"name":"wp","href":"https:\/\/api.w.org\/{rel}","templated":true}]}}